{"id":10563,"date":"2024-08-09T14:37:37","date_gmt":"2024-08-09T12:37:37","guid":{"rendered":"https:\/\/www.lusqtoff.com.ar\/truper\/producto\/producto-204\/"},"modified":"2024-09-03T20:27:24","modified_gmt":"2024-09-03T18:27:24","slug":"producto-204","status":"publish","type":"product","link":"https:\/\/www.lusqtoff.com.ar\/truper\/producto\/producto-204\/","title":{"rendered":"LINTERNA REFLECTORA LED A BATERIA"},"content":{"rendered":"<p>Distancia del haz de luz: 450, modos de iluminaci\u00f3n: Frontal (alto, bajo, intermitente), luz inferior (fija) y filtro de luz roja, indicador de nivel de carga de la bater\u00eda, duraci\u00f3n de la bater\u00eda (runtime): Frontal 6 horas (alto), 12 horas (bajo), luz inferior 19 horas (bajo), tiempo optimo de carga: 8 h<\/p>\n","protected":false},"excerpt":{"rendered":"<p>Luminosidad: 2,000 lm<br \/>\nLED: LED de alta luminosidad y alcance<br \/>\nPilas: 2 (ion litio, incluidas)<br \/>\nGrado IP: 67<br \/>\nMaterial del cuerpo: Pl\u00e1stica<br \/>\nDimensiones (largo x di\u00e1metro): 15 x 8 cm<\/p>\n","protected":false},"featured_media":10829,"comment_status":"open","ping_status":"closed","template":"","meta":{"_acf_changed":false},"product_brand":[],"product_cat":[223,225],"product_tag":[],"class_list":{"0":"post-10563","1":"product","2":"type-product","3":"status-publish","4":"has-post-thumbnail","6":"product_cat-iluminacion","7":"product_cat-linternas","9":"first","10":"instock","11":"shipping-taxable","12":"purchasable","13":"product-type-simple"},"acf":[],"_links":{"self":[{"href":"https:\/\/www.lusqtoff.com.ar\/truper\/wp-json\/wp\/v2\/product\/10563","targetHints":{"allow":["GET"]}}],"collection":[{"href":"https:\/\/www.lusqtoff.com.ar\/truper\/wp-json\/wp\/v2\/product"}],"about":[{"href":"https:\/\/www.lusqtoff.com.ar\/truper\/wp-json\/wp\/v2\/types\/product"}],"replies":[{"embeddable":true,"href":"https:\/\/www.lusqtoff.com.ar\/truper\/wp-json\/wp\/v2\/comments?post=10563"}],"wp:featuredmedia":[{"embeddable":true,"href":"https:\/\/www.lusqtoff.com.ar\/truper\/wp-json\/wp\/v2\/media\/10829"}],"wp:attachment":[{"href":"https:\/\/www.lusqtoff.com.ar\/truper\/wp-json\/wp\/v2\/media?parent=10563"}],"wp:term":[{"taxonomy":"product_brand","embeddable":true,"href":"https:\/\/www.lusqtoff.com.ar\/truper\/wp-json\/wp\/v2\/product_brand?post=10563"},{"taxonomy":"product_cat","embeddable":true,"href":"https:\/\/www.lusqtoff.com.ar\/truper\/wp-json\/wp\/v2\/product_cat?post=10563"},{"taxonomy":"product_tag","embeddable":true,"href":"https:\/\/www.lusqtoff.com.ar\/truper\/wp-json\/wp\/v2\/product_tag?post=10563"}],"curies":[{"name":"wp","href":"https:\/\/api.w.org\/{rel}","templated":true}]}}