{"id":1095,"date":"2024-04-23T16:57:12","date_gmt":"2024-04-23T14:57:12","guid":{"rendered":"https:\/\/truper.cepidesigns.com.ar\/producto\/llave-ajustable-10-cm-4-pavonado\/"},"modified":"2024-09-03T20:20:49","modified_gmt":"2024-09-03T18:20:49","slug":"llave-ajustable-10-cm-4-pavonado","status":"publish","type":"product","link":"https:\/\/www.lusqtoff.com.ar\/truper\/producto\/llave-ajustable-10-cm-4-pavonado\/","title":{"rendered":"LLAVE AJUSTABLE 10 CM (4&#8243;) PAVONADO"},"content":{"rendered":"<p>Forjado en acero al cromo vanadio 2X m\u00e1s resistente al desgaste que los de acero al carbono, acabado pavonado que protege de la corrosi\u00f3n, graduaci\u00f3n en pulgadas y mil\u00edmetros, mango con dise\u00f1o ergon\u00f3mico y orificio para colgar<\/p>\n","protected":false},"excerpt":{"rendered":"<p>Largo:\t 4&#8243; (10 cm)<br \/>\nApertura m\u00e1xima: \t9\/16&#8243; (14 mm)<\/p>\n","protected":false},"featured_media":2817,"comment_status":"open","ping_status":"closed","template":"","meta":{"_acf_changed":false},"product_brand":[],"product_cat":[30,295],"product_tag":[],"class_list":{"0":"post-1095","1":"product","2":"type-product","3":"status-publish","4":"has-post-thumbnail","6":"product_cat-llaves","7":"product_cat-llavesajustables","9":"first","10":"instock","11":"shipping-taxable","12":"purchasable","13":"product-type-simple"},"acf":[],"_links":{"self":[{"href":"https:\/\/www.lusqtoff.com.ar\/truper\/wp-json\/wp\/v2\/product\/1095","targetHints":{"allow":["GET"]}}],"collection":[{"href":"https:\/\/www.lusqtoff.com.ar\/truper\/wp-json\/wp\/v2\/product"}],"about":[{"href":"https:\/\/www.lusqtoff.com.ar\/truper\/wp-json\/wp\/v2\/types\/product"}],"replies":[{"embeddable":true,"href":"https:\/\/www.lusqtoff.com.ar\/truper\/wp-json\/wp\/v2\/comments?post=1095"}],"wp:featuredmedia":[{"embeddable":true,"href":"https:\/\/www.lusqtoff.com.ar\/truper\/wp-json\/wp\/v2\/media\/2817"}],"wp:attachment":[{"href":"https:\/\/www.lusqtoff.com.ar\/truper\/wp-json\/wp\/v2\/media?parent=1095"}],"wp:term":[{"taxonomy":"product_brand","embeddable":true,"href":"https:\/\/www.lusqtoff.com.ar\/truper\/wp-json\/wp\/v2\/product_brand?post=1095"},{"taxonomy":"product_cat","embeddable":true,"href":"https:\/\/www.lusqtoff.com.ar\/truper\/wp-json\/wp\/v2\/product_cat?post=1095"},{"taxonomy":"product_tag","embeddable":true,"href":"https:\/\/www.lusqtoff.com.ar\/truper\/wp-json\/wp\/v2\/product_tag?post=1095"}],"curies":[{"name":"wp","href":"https:\/\/api.w.org\/{rel}","templated":true}]}}