{"id":1097,"date":"2024-04-23T16:57:12","date_gmt":"2024-04-23T14:57:12","guid":{"rendered":"https:\/\/truper.cepidesigns.com.ar\/producto\/llave-ajustable-20-cm-8-pavonado\/"},"modified":"2024-09-03T20:20:49","modified_gmt":"2024-09-03T18:20:49","slug":"llave-ajustable-20-cm-8-pavonado","status":"publish","type":"product","link":"https:\/\/www.lusqtoff.com.ar\/truper\/producto\/llave-ajustable-20-cm-8-pavonado\/","title":{"rendered":"LLAVE AJUSTABLE 20 CM (8&#8243;) PAVONADO"},"content":{"rendered":"<p>Forjado en acero al cromo vanadio 2X m\u00e1s resistente al desgaste que los de acero al carbono, acabado pavonado que protege de la corrosi\u00f3n, graduaci\u00f3n en pulgadas y mil\u00edmetros, mango con dise\u00f1o ergon\u00f3mico y orificio para colgar<\/p>\n","protected":false},"excerpt":{"rendered":"<p>Largo:\t 8&#8243; (20 cm)<br \/>\nApertura m\u00e1xima: \t1-1\/8&#8243; (28 mm)<\/p>\n","protected":false},"featured_media":2833,"comment_status":"open","ping_status":"closed","template":"","meta":{"_acf_changed":false},"product_brand":[],"product_cat":[31,30],"product_tag":[],"class_list":{"0":"post-1097","1":"product","2":"type-product","3":"status-publish","4":"has-post-thumbnail","6":"product_cat-ajustables","7":"product_cat-llaves","9":"first","10":"instock","11":"shipping-taxable","12":"purchasable","13":"product-type-simple"},"acf":[],"_links":{"self":[{"href":"https:\/\/www.lusqtoff.com.ar\/truper\/wp-json\/wp\/v2\/product\/1097","targetHints":{"allow":["GET"]}}],"collection":[{"href":"https:\/\/www.lusqtoff.com.ar\/truper\/wp-json\/wp\/v2\/product"}],"about":[{"href":"https:\/\/www.lusqtoff.com.ar\/truper\/wp-json\/wp\/v2\/types\/product"}],"replies":[{"embeddable":true,"href":"https:\/\/www.lusqtoff.com.ar\/truper\/wp-json\/wp\/v2\/comments?post=1097"}],"wp:featuredmedia":[{"embeddable":true,"href":"https:\/\/www.lusqtoff.com.ar\/truper\/wp-json\/wp\/v2\/media\/2833"}],"wp:attachment":[{"href":"https:\/\/www.lusqtoff.com.ar\/truper\/wp-json\/wp\/v2\/media?parent=1097"}],"wp:term":[{"taxonomy":"product_brand","embeddable":true,"href":"https:\/\/www.lusqtoff.com.ar\/truper\/wp-json\/wp\/v2\/product_brand?post=1097"},{"taxonomy":"product_cat","embeddable":true,"href":"https:\/\/www.lusqtoff.com.ar\/truper\/wp-json\/wp\/v2\/product_cat?post=1097"},{"taxonomy":"product_tag","embeddable":true,"href":"https:\/\/www.lusqtoff.com.ar\/truper\/wp-json\/wp\/v2\/product_tag?post=1097"}],"curies":[{"name":"wp","href":"https:\/\/api.w.org\/{rel}","templated":true}]}}