{"id":1205,"date":"2024-04-23T16:57:24","date_gmt":"2024-04-23T14:57:24","guid":{"rendered":"https:\/\/truper.cepidesigns.com.ar\/producto\/juego-de-20-combinadas-mm-y-pulg\/"},"modified":"2024-09-03T20:21:16","modified_gmt":"2024-09-03T18:21:16","slug":"juego-de-20-combinadas-mm-y-pulg","status":"publish","type":"product","link":"https:\/\/www.lusqtoff.com.ar\/truper\/producto\/juego-de-20-combinadas-mm-y-pulg\/","title":{"rendered":"JUEGO DE 20 COMBINADAS MM Y PULG."},"content":{"rendered":"<p>Fabricadas en acero al cromo vanadio 2X m\u00e1s resistente al desgaste que las de acero al carbono,<br \/>\nmuesca hexagonal que minimiza el esfuerzo ofreciendo mayor contacto evitando el desgaste en torniller\u00eda, extremo con inclinaci\u00f3n de 15\u00b0 para lugares de dif\u00edcil acceso, medida marcada para f\u00e1cil identificaci\u00f3n, pr\u00e1ctico estuche organizador<\/p>\n","protected":false},"excerpt":{"rendered":"<p>10 Llaves combinadas de 1\/4&#8243;, 5\/16&#8243;, 3\/8&#8243;, 7\/16&#8243;, 1\/2&#8243;, 9\/16&#8243;, 5\/8&#8243;, 11\/16&#8243;, 3\/4&#8243; y 7\/8&#8243;<br \/>\n10 Llaves combinadas de 8 mm, 9 mm, 10 mm, 11 mm, 12 mm, 13 mm, 14 mm, 15 mm, 17 mm y 18 mm<\/p>\n","protected":false},"featured_media":3260,"comment_status":"open","ping_status":"closed","template":"","meta":{"_acf_changed":false},"product_brand":[],"product_cat":[33,30],"product_tag":[],"class_list":{"0":"post-1205","1":"product","2":"type-product","3":"status-publish","4":"has-post-thumbnail","6":"product_cat-juegos","7":"product_cat-llaves","9":"first","10":"instock","11":"shipping-taxable","12":"purchasable","13":"product-type-simple"},"acf":[],"_links":{"self":[{"href":"https:\/\/www.lusqtoff.com.ar\/truper\/wp-json\/wp\/v2\/product\/1205","targetHints":{"allow":["GET"]}}],"collection":[{"href":"https:\/\/www.lusqtoff.com.ar\/truper\/wp-json\/wp\/v2\/product"}],"about":[{"href":"https:\/\/www.lusqtoff.com.ar\/truper\/wp-json\/wp\/v2\/types\/product"}],"replies":[{"embeddable":true,"href":"https:\/\/www.lusqtoff.com.ar\/truper\/wp-json\/wp\/v2\/comments?post=1205"}],"wp:featuredmedia":[{"embeddable":true,"href":"https:\/\/www.lusqtoff.com.ar\/truper\/wp-json\/wp\/v2\/media\/3260"}],"wp:attachment":[{"href":"https:\/\/www.lusqtoff.com.ar\/truper\/wp-json\/wp\/v2\/media?parent=1205"}],"wp:term":[{"taxonomy":"product_brand","embeddable":true,"href":"https:\/\/www.lusqtoff.com.ar\/truper\/wp-json\/wp\/v2\/product_brand?post=1205"},{"taxonomy":"product_cat","embeddable":true,"href":"https:\/\/www.lusqtoff.com.ar\/truper\/wp-json\/wp\/v2\/product_cat?post=1205"},{"taxonomy":"product_tag","embeddable":true,"href":"https:\/\/www.lusqtoff.com.ar\/truper\/wp-json\/wp\/v2\/product_tag?post=1205"}],"curies":[{"name":"wp","href":"https:\/\/api.w.org\/{rel}","templated":true}]}}