{"id":1207,"date":"2024-04-23T16:57:24","date_gmt":"2024-04-23T14:57:24","guid":{"rendered":"https:\/\/truper.cepidesigns.com.ar\/producto\/juego-de-5-llaves-obstruccion-media-luna\/"},"modified":"2024-09-03T20:21:16","modified_gmt":"2024-09-03T18:21:16","slug":"juego-de-5-llaves-obstruccion-media-luna","status":"publish","type":"product","link":"https:\/\/www.lusqtoff.com.ar\/truper\/producto\/juego-de-5-llaves-obstruccion-media-luna\/","title":{"rendered":"JUEGO DE 5 LLAVES OBSTRUCCION (MEDIA LUNA)"},"content":{"rendered":"<p>Fabricadas en acero al cromo vanadio 2X m\u00e1s resistentes al desgaste que las de acero al carbono, obstrucci\u00f3n en \u00abC\u00bb<br \/>\nIdeal para zonas de dif\u00edcil acceso a una llave recta, medida marcada para f\u00e1cil identificaci\u00f3n, pr\u00e1ctico estuche organizador<\/p>\n","protected":false},"excerpt":{"rendered":"<p>5 Llaves: 20 mm x 22 mm, 17 mm x 19 mm, 14 mm x 15 mm, 12 mm x 13 mm y 8 mm x 10 mm<\/p>\n","protected":false},"featured_media":3259,"comment_status":"open","ping_status":"closed","template":"","meta":{"_acf_changed":false},"product_brand":[],"product_cat":[33,30],"product_tag":[],"class_list":{"0":"post-1207","1":"product","2":"type-product","3":"status-publish","4":"has-post-thumbnail","6":"product_cat-juegos","7":"product_cat-llaves","9":"first","10":"instock","11":"shipping-taxable","12":"purchasable","13":"product-type-simple"},"acf":[],"_links":{"self":[{"href":"https:\/\/www.lusqtoff.com.ar\/truper\/wp-json\/wp\/v2\/product\/1207","targetHints":{"allow":["GET"]}}],"collection":[{"href":"https:\/\/www.lusqtoff.com.ar\/truper\/wp-json\/wp\/v2\/product"}],"about":[{"href":"https:\/\/www.lusqtoff.com.ar\/truper\/wp-json\/wp\/v2\/types\/product"}],"replies":[{"embeddable":true,"href":"https:\/\/www.lusqtoff.com.ar\/truper\/wp-json\/wp\/v2\/comments?post=1207"}],"wp:featuredmedia":[{"embeddable":true,"href":"https:\/\/www.lusqtoff.com.ar\/truper\/wp-json\/wp\/v2\/media\/3259"}],"wp:attachment":[{"href":"https:\/\/www.lusqtoff.com.ar\/truper\/wp-json\/wp\/v2\/media?parent=1207"}],"wp:term":[{"taxonomy":"product_brand","embeddable":true,"href":"https:\/\/www.lusqtoff.com.ar\/truper\/wp-json\/wp\/v2\/product_brand?post=1207"},{"taxonomy":"product_cat","embeddable":true,"href":"https:\/\/www.lusqtoff.com.ar\/truper\/wp-json\/wp\/v2\/product_cat?post=1207"},{"taxonomy":"product_tag","embeddable":true,"href":"https:\/\/www.lusqtoff.com.ar\/truper\/wp-json\/wp\/v2\/product_tag?post=1207"}],"curies":[{"name":"wp","href":"https:\/\/api.w.org\/{rel}","templated":true}]}}