{"id":1278,"date":"2024-04-23T16:57:33","date_gmt":"2024-04-23T14:57:33","guid":{"rendered":"https:\/\/truper.cepidesigns.com.ar\/producto\/bocallave-serie-larga-hexagonal-1-2-enc-1-4\/"},"modified":"2024-09-03T20:21:44","modified_gmt":"2024-09-03T18:21:44","slug":"bocallave-serie-larga-hexagonal-1-2-enc-1-4","status":"publish","type":"product","link":"https:\/\/www.lusqtoff.com.ar\/truper\/producto\/bocallave-serie-larga-hexagonal-1-2-enc-1-4\/","title":{"rendered":"BOCALLAVE SERIE LARGA HEXAGONAL 1\/2 ENC 1\/4"},"content":{"rendered":"<p>Fabricado en acero al cromo vanadio con acabado pulido espejo resistente a la oxidaci\u00f3n y de f\u00e1cil limpieza, sistema de sujeci\u00f3n Truper-Drive con puntas convexas que aseguran y aumentan el torque sin da\u00f1ar tuercas ni cabezas de tornillos, medida marcada para f\u00e1cil identificaci\u00f3n, boca biselada para acoplamientos r\u00e1pidos<\/p>\n","protected":false},"excerpt":{"rendered":"<p>Cuadro: 1\/4&#8243; (6.5 mm)<br \/>\nN\u00famero de puntas: 6<br \/>\nLargo: 49 mm<br \/>\nMedida: 1\/2&#8243; (13 mm)<\/p>\n","protected":false},"featured_media":10969,"comment_status":"open","ping_status":"closed","template":"","meta":{"_acf_changed":false},"product_brand":[],"product_cat":[38,37],"product_tag":[],"class_list":{"0":"post-1278","1":"product","2":"type-product","3":"status-publish","4":"has-post-thumbnail","6":"product_cat-bocallave-1-4","7":"product_cat-bocallaves","9":"first","10":"instock","11":"shipping-taxable","12":"purchasable","13":"product-type-simple"},"acf":[],"_links":{"self":[{"href":"https:\/\/www.lusqtoff.com.ar\/truper\/wp-json\/wp\/v2\/product\/1278","targetHints":{"allow":["GET"]}}],"collection":[{"href":"https:\/\/www.lusqtoff.com.ar\/truper\/wp-json\/wp\/v2\/product"}],"about":[{"href":"https:\/\/www.lusqtoff.com.ar\/truper\/wp-json\/wp\/v2\/types\/product"}],"replies":[{"embeddable":true,"href":"https:\/\/www.lusqtoff.com.ar\/truper\/wp-json\/wp\/v2\/comments?post=1278"}],"wp:featuredmedia":[{"embeddable":true,"href":"https:\/\/www.lusqtoff.com.ar\/truper\/wp-json\/wp\/v2\/media\/10969"}],"wp:attachment":[{"href":"https:\/\/www.lusqtoff.com.ar\/truper\/wp-json\/wp\/v2\/media?parent=1278"}],"wp:term":[{"taxonomy":"product_brand","embeddable":true,"href":"https:\/\/www.lusqtoff.com.ar\/truper\/wp-json\/wp\/v2\/product_brand?post=1278"},{"taxonomy":"product_cat","embeddable":true,"href":"https:\/\/www.lusqtoff.com.ar\/truper\/wp-json\/wp\/v2\/product_cat?post=1278"},{"taxonomy":"product_tag","embeddable":true,"href":"https:\/\/www.lusqtoff.com.ar\/truper\/wp-json\/wp\/v2\/product_tag?post=1278"}],"curies":[{"name":"wp","href":"https:\/\/api.w.org\/{rel}","templated":true}]}}