{"id":1280,"date":"2024-04-23T16:57:33","date_gmt":"2024-04-23T14:57:33","guid":{"rendered":"https:\/\/truper.cepidesigns.com.ar\/producto\/llave-crique-45-dtes-largo-13-cm-enc-1-4\/"},"modified":"2024-09-03T20:21:45","modified_gmt":"2024-09-03T18:21:45","slug":"llave-crique-45-dtes-largo-13-cm-enc-1-4","status":"publish","type":"product","link":"https:\/\/www.lusqtoff.com.ar\/truper\/producto\/llave-crique-45-dtes-largo-13-cm-enc-1-4\/","title":{"rendered":"LLAVE CRIQUE 45 DTES LARGO 13 CM. ENC 1\/4"},"content":{"rendered":"<p>Cuerpo de acero al cromo vanadio, 2X m\u00e1s resistente al desgaste que las de acero al carbono, acabado cromado pulido que resiste la corrosi\u00f3n, engrane de 45 dientes fabricado en acero al cromo molibdeno, mango con dise\u00f1o moleteado antiderrapante, sistema reversible con selector de cambio de giro y bot\u00f3n de liberaci\u00f3n r\u00e1pida<\/p>\n","protected":false},"excerpt":{"rendered":"<p>Cuadro mando: 1\/4&#8243;<br \/>\nN\u00famero de dientes: 45<br \/>\nAncho m\u00e1ximo de la cabeza: 29 mm<br \/>\nLargo: 5&#8243; (13 cm)<\/p>\n","protected":false},"featured_media":10973,"comment_status":"open","ping_status":"closed","template":"","meta":{"_acf_changed":false},"product_brand":[],"product_cat":[39,37],"product_tag":[],"class_list":{"0":"post-1280","1":"product","2":"type-product","3":"status-publish","4":"has-post-thumbnail","6":"product_cat-accesorios-1-4","7":"product_cat-bocallaves","9":"first","10":"instock","11":"shipping-taxable","12":"purchasable","13":"product-type-simple"},"acf":[],"_links":{"self":[{"href":"https:\/\/www.lusqtoff.com.ar\/truper\/wp-json\/wp\/v2\/product\/1280","targetHints":{"allow":["GET"]}}],"collection":[{"href":"https:\/\/www.lusqtoff.com.ar\/truper\/wp-json\/wp\/v2\/product"}],"about":[{"href":"https:\/\/www.lusqtoff.com.ar\/truper\/wp-json\/wp\/v2\/types\/product"}],"replies":[{"embeddable":true,"href":"https:\/\/www.lusqtoff.com.ar\/truper\/wp-json\/wp\/v2\/comments?post=1280"}],"wp:featuredmedia":[{"embeddable":true,"href":"https:\/\/www.lusqtoff.com.ar\/truper\/wp-json\/wp\/v2\/media\/10973"}],"wp:attachment":[{"href":"https:\/\/www.lusqtoff.com.ar\/truper\/wp-json\/wp\/v2\/media?parent=1280"}],"wp:term":[{"taxonomy":"product_brand","embeddable":true,"href":"https:\/\/www.lusqtoff.com.ar\/truper\/wp-json\/wp\/v2\/product_brand?post=1280"},{"taxonomy":"product_cat","embeddable":true,"href":"https:\/\/www.lusqtoff.com.ar\/truper\/wp-json\/wp\/v2\/product_cat?post=1280"},{"taxonomy":"product_tag","embeddable":true,"href":"https:\/\/www.lusqtoff.com.ar\/truper\/wp-json\/wp\/v2\/product_tag?post=1280"}],"curies":[{"name":"wp","href":"https:\/\/api.w.org\/{rel}","templated":true}]}}