{"id":1459,"date":"2024-04-23T16:57:55","date_gmt":"2024-04-23T14:57:55","guid":{"rendered":"https:\/\/truper.cepidesigns.com.ar\/producto\/barra-de-extension-largo-20-cm-8-enc-1-2\/"},"modified":"2024-09-03T20:22:36","modified_gmt":"2024-09-03T18:22:36","slug":"barra-de-extension-largo-20-cm-8-enc-1-2","status":"publish","type":"product","link":"https:\/\/www.lusqtoff.com.ar\/truper\/producto\/barra-de-extension-largo-20-cm-8-enc-1-2\/","title":{"rendered":"BARRA DE EXTENSION LARGO 20 CM (8&#8243;) ENC 1\/2"},"content":{"rendered":"<p>Fabricada en acero al cromo vanadio, acabado pulido espejo resistente a la oxidaci\u00f3n y de f\u00e1cil limpieza, medida marcada para f\u00e1cil identificaci\u00f3n<\/p>\n","protected":false},"excerpt":{"rendered":"<p>Cuadro mando: 1\/2&#8243; (13 mm)<br \/>\nDi\u00e1metro: 17 mm<br \/>\nTorsi\u00f3n m\u00ednima: 3,500 lb\/in<br \/>\nLargo: \t8&#8243; (20 cm)<\/p>\n","protected":false},"featured_media":4507,"comment_status":"open","ping_status":"closed","template":"","meta":{"_acf_changed":false},"product_brand":[],"product_cat":[41,37],"product_tag":[],"class_list":{"0":"post-1459","1":"product","2":"type-product","3":"status-publish","4":"has-post-thumbnail","6":"product_cat-accesorios-1-2","7":"product_cat-bocallaves","9":"first","10":"instock","11":"shipping-taxable","12":"purchasable","13":"product-type-simple"},"acf":[],"_links":{"self":[{"href":"https:\/\/www.lusqtoff.com.ar\/truper\/wp-json\/wp\/v2\/product\/1459","targetHints":{"allow":["GET"]}}],"collection":[{"href":"https:\/\/www.lusqtoff.com.ar\/truper\/wp-json\/wp\/v2\/product"}],"about":[{"href":"https:\/\/www.lusqtoff.com.ar\/truper\/wp-json\/wp\/v2\/types\/product"}],"replies":[{"embeddable":true,"href":"https:\/\/www.lusqtoff.com.ar\/truper\/wp-json\/wp\/v2\/comments?post=1459"}],"wp:featuredmedia":[{"embeddable":true,"href":"https:\/\/www.lusqtoff.com.ar\/truper\/wp-json\/wp\/v2\/media\/4507"}],"wp:attachment":[{"href":"https:\/\/www.lusqtoff.com.ar\/truper\/wp-json\/wp\/v2\/media?parent=1459"}],"wp:term":[{"taxonomy":"product_brand","embeddable":true,"href":"https:\/\/www.lusqtoff.com.ar\/truper\/wp-json\/wp\/v2\/product_brand?post=1459"},{"taxonomy":"product_cat","embeddable":true,"href":"https:\/\/www.lusqtoff.com.ar\/truper\/wp-json\/wp\/v2\/product_cat?post=1459"},{"taxonomy":"product_tag","embeddable":true,"href":"https:\/\/www.lusqtoff.com.ar\/truper\/wp-json\/wp\/v2\/product_tag?post=1459"}],"curies":[{"name":"wp","href":"https:\/\/api.w.org\/{rel}","templated":true}]}}