{"id":1465,"date":"2024-04-23T16:57:56","date_gmt":"2024-04-23T14:57:56","guid":{"rendered":"https:\/\/truper.cepidesigns.com.ar\/producto\/extension-de-impacto-13cm-enc-1-2\/"},"modified":"2024-09-03T20:22:37","modified_gmt":"2024-09-03T18:22:37","slug":"extension-de-impacto-13cm-enc-1-2","status":"publish","type":"product","link":"https:\/\/www.lusqtoff.com.ar\/truper\/producto\/extension-de-impacto-13cm-enc-1-2\/","title":{"rendered":"EXTENSION DE IMPACTO 13CM ENC 1\/2"},"content":{"rendered":"<p>Fabricada en acero al cromo molibdeno con acabado fosfatado resistente a la corrosi\u00f3n, medida marcada para f\u00e1cil identificaci\u00f3n, ideal para herramientas de impacto<\/p>\n","protected":false},"excerpt":{"rendered":"<p>Cuadro mando: 1\/2&#8243; (13 mm)<br \/>\nDi\u00e1metro: 17 mm<br \/>\nLargo: \t5&#8243; (13 cm)<\/p>\n","protected":false},"featured_media":5060,"comment_status":"open","ping_status":"closed","template":"","meta":{"_acf_changed":false},"product_brand":[],"product_cat":[41,37],"product_tag":[],"class_list":{"0":"post-1465","1":"product","2":"type-product","3":"status-publish","4":"has-post-thumbnail","6":"product_cat-accesorios-1-2","7":"product_cat-bocallaves","9":"first","10":"instock","11":"shipping-taxable","12":"purchasable","13":"product-type-simple"},"acf":[],"_links":{"self":[{"href":"https:\/\/www.lusqtoff.com.ar\/truper\/wp-json\/wp\/v2\/product\/1465","targetHints":{"allow":["GET"]}}],"collection":[{"href":"https:\/\/www.lusqtoff.com.ar\/truper\/wp-json\/wp\/v2\/product"}],"about":[{"href":"https:\/\/www.lusqtoff.com.ar\/truper\/wp-json\/wp\/v2\/types\/product"}],"replies":[{"embeddable":true,"href":"https:\/\/www.lusqtoff.com.ar\/truper\/wp-json\/wp\/v2\/comments?post=1465"}],"wp:featuredmedia":[{"embeddable":true,"href":"https:\/\/www.lusqtoff.com.ar\/truper\/wp-json\/wp\/v2\/media\/5060"}],"wp:attachment":[{"href":"https:\/\/www.lusqtoff.com.ar\/truper\/wp-json\/wp\/v2\/media?parent=1465"}],"wp:term":[{"taxonomy":"product_brand","embeddable":true,"href":"https:\/\/www.lusqtoff.com.ar\/truper\/wp-json\/wp\/v2\/product_brand?post=1465"},{"taxonomy":"product_cat","embeddable":true,"href":"https:\/\/www.lusqtoff.com.ar\/truper\/wp-json\/wp\/v2\/product_cat?post=1465"},{"taxonomy":"product_tag","embeddable":true,"href":"https:\/\/www.lusqtoff.com.ar\/truper\/wp-json\/wp\/v2\/product_tag?post=1465"}],"curies":[{"name":"wp","href":"https:\/\/api.w.org\/{rel}","templated":true}]}}