{"id":1475,"date":"2024-04-23T16:57:57","date_gmt":"2024-04-23T14:57:57","guid":{"rendered":"https:\/\/truper.cepidesigns.com.ar\/producto\/adaptador-1-2-h-x-3-4-m\/"},"modified":"2024-09-03T20:22:48","modified_gmt":"2024-09-03T18:22:48","slug":"adaptador-1-2-h-x-3-4-m","status":"publish","type":"product","link":"https:\/\/www.lusqtoff.com.ar\/truper\/producto\/adaptador-1-2-h-x-3-4-m\/","title":{"rendered":"ADAPTADOR 1\/2&#8243; H X 3\/4&#8243; M"},"content":{"rendered":"<p>Fabricado en acero al cromo vanadio con acabado pulido espejo resistente a la oxidaci\u00f3n y de f\u00e1cil limpieza, medida marcada para f\u00e1cil identificaci\u00f3n<\/p>\n","protected":false},"excerpt":{"rendered":"<p>Alto:  2&#8243; (5 cm)<br \/>\nCuadro hembra: 1\/2&#8243; (13 mm)<br \/>\nCuadro macho: 3\/4&#8243; (19 mm)<br \/>\nTorsi\u00f3n m\u00e1xima: 4,500 lb\/in<\/p>\n","protected":false},"featured_media":4430,"comment_status":"open","ping_status":"closed","template":"","meta":{"_acf_changed":false},"product_brand":[],"product_cat":[41,37],"product_tag":[],"class_list":{"0":"post-1475","1":"product","2":"type-product","3":"status-publish","4":"has-post-thumbnail","6":"product_cat-accesorios-1-2","7":"product_cat-bocallaves","9":"first","10":"instock","11":"shipping-taxable","12":"purchasable","13":"product-type-simple"},"acf":[],"_links":{"self":[{"href":"https:\/\/www.lusqtoff.com.ar\/truper\/wp-json\/wp\/v2\/product\/1475","targetHints":{"allow":["GET"]}}],"collection":[{"href":"https:\/\/www.lusqtoff.com.ar\/truper\/wp-json\/wp\/v2\/product"}],"about":[{"href":"https:\/\/www.lusqtoff.com.ar\/truper\/wp-json\/wp\/v2\/types\/product"}],"replies":[{"embeddable":true,"href":"https:\/\/www.lusqtoff.com.ar\/truper\/wp-json\/wp\/v2\/comments?post=1475"}],"wp:featuredmedia":[{"embeddable":true,"href":"https:\/\/www.lusqtoff.com.ar\/truper\/wp-json\/wp\/v2\/media\/4430"}],"wp:attachment":[{"href":"https:\/\/www.lusqtoff.com.ar\/truper\/wp-json\/wp\/v2\/media?parent=1475"}],"wp:term":[{"taxonomy":"product_brand","embeddable":true,"href":"https:\/\/www.lusqtoff.com.ar\/truper\/wp-json\/wp\/v2\/product_brand?post=1475"},{"taxonomy":"product_cat","embeddable":true,"href":"https:\/\/www.lusqtoff.com.ar\/truper\/wp-json\/wp\/v2\/product_cat?post=1475"},{"taxonomy":"product_tag","embeddable":true,"href":"https:\/\/www.lusqtoff.com.ar\/truper\/wp-json\/wp\/v2\/product_tag?post=1475"}],"curies":[{"name":"wp","href":"https:\/\/api.w.org\/{rel}","templated":true}]}}