{"id":1510,"date":"2024-04-23T16:58:00","date_gmt":"2024-04-23T14:58:00","guid":{"rendered":"https:\/\/truper.cepidesigns.com.ar\/producto\/torquimetro-de-zafe-enc-3-4\/"},"modified":"2024-09-03T20:23:01","modified_gmt":"2024-09-03T18:23:01","slug":"torquimetro-de-zafe-enc-3-4","status":"publish","type":"product","link":"https:\/\/www.lusqtoff.com.ar\/truper\/producto\/torquimetro-de-zafe-enc-3-4\/","title":{"rendered":"TORQUIMETRO DE ZAFE ENC 3\/4"},"content":{"rendered":"<p>Engrane de acero al cromo vanadio de 24 dientes, cuerpo de acero al carbono, mango moleteado antiderrapante para un mejor agarre, sistema reversible con selector de cambio de giro y bot\u00f3n de liberaci\u00f3n r\u00e1pida, escala de torque en kilogramo-metro y libra-pie<\/p>\n","protected":false},"excerpt":{"rendered":"<p>Cuadro mando: 3\/4&#8243;<br \/>\nN\u00famero de dientes: 24<br \/>\nLargo: 26&#8243; (65 cm)<br \/>\nRango de torque: 50 &#8211; 300 lb-ft (68 &#8211; 408 Nm)<br \/>\nIncremento dual: 1 lb-ft<\/p>\n","protected":false},"featured_media":4442,"comment_status":"open","ping_status":"closed","template":"","meta":{"_acf_changed":false},"product_brand":[],"product_cat":[43,37],"product_tag":[],"class_list":{"0":"post-1510","1":"product","2":"type-product","3":"status-publish","4":"has-post-thumbnail","6":"product_cat-accesorios-3-4","7":"product_cat-bocallaves","9":"first","10":"instock","11":"shipping-taxable","12":"purchasable","13":"product-type-simple"},"acf":[],"_links":{"self":[{"href":"https:\/\/www.lusqtoff.com.ar\/truper\/wp-json\/wp\/v2\/product\/1510","targetHints":{"allow":["GET"]}}],"collection":[{"href":"https:\/\/www.lusqtoff.com.ar\/truper\/wp-json\/wp\/v2\/product"}],"about":[{"href":"https:\/\/www.lusqtoff.com.ar\/truper\/wp-json\/wp\/v2\/types\/product"}],"replies":[{"embeddable":true,"href":"https:\/\/www.lusqtoff.com.ar\/truper\/wp-json\/wp\/v2\/comments?post=1510"}],"wp:featuredmedia":[{"embeddable":true,"href":"https:\/\/www.lusqtoff.com.ar\/truper\/wp-json\/wp\/v2\/media\/4442"}],"wp:attachment":[{"href":"https:\/\/www.lusqtoff.com.ar\/truper\/wp-json\/wp\/v2\/media?parent=1510"}],"wp:term":[{"taxonomy":"product_brand","embeddable":true,"href":"https:\/\/www.lusqtoff.com.ar\/truper\/wp-json\/wp\/v2\/product_brand?post=1510"},{"taxonomy":"product_cat","embeddable":true,"href":"https:\/\/www.lusqtoff.com.ar\/truper\/wp-json\/wp\/v2\/product_cat?post=1510"},{"taxonomy":"product_tag","embeddable":true,"href":"https:\/\/www.lusqtoff.com.ar\/truper\/wp-json\/wp\/v2\/product_tag?post=1510"}],"curies":[{"name":"wp","href":"https:\/\/api.w.org\/{rel}","templated":true}]}}