{"id":1593,"date":"2024-04-23T16:58:10","date_gmt":"2024-04-23T14:58:10","guid":{"rendered":"https:\/\/truper.cepidesigns.com.ar\/producto\/mini-pinza-de-punta-redonda-tipo-rosario-largo-13-cm-5\/"},"modified":"2024-09-03T20:23:17","modified_gmt":"2024-09-03T18:23:17","slug":"mini-pinza-de-punta-redonda-tipo-rosario-largo-13-cm-5","status":"publish","type":"product","link":"https:\/\/www.lusqtoff.com.ar\/truper\/producto\/mini-pinza-de-punta-redonda-tipo-rosario-largo-13-cm-5\/","title":{"rendered":"MINI PINZA DE PUNTA REDONDA TIPO ROSARIO &#8211; LARGO 13 CM (5&#8243;)"},"content":{"rendered":"<p>Fabricada en acero al cromo vanadio, 2X m\u00e1s resistente al desgaste que las de acero al carbono, para trabajos de precisi\u00f3n, mango ergon\u00f3mico antiderrapante, acabado niquelado gris, 3X m\u00e1s resistente a la corrosi\u00f3n<\/p>\n","protected":false},"excerpt":{"rendered":"<p>Largo: 5&#8243; (13 cm)<\/p>\n","protected":false},"featured_media":4874,"comment_status":"open","ping_status":"closed","template":"","meta":{"_acf_changed":false},"product_brand":[],"product_cat":[53,45],"product_tag":[],"class_list":{"0":"post-1593","1":"product","2":"type-product","3":"status-publish","4":"has-post-thumbnail","6":"product_cat-pinza-mini","7":"product_cat-pinzas","9":"first","10":"instock","11":"shipping-taxable","12":"purchasable","13":"product-type-simple"},"acf":[],"_links":{"self":[{"href":"https:\/\/www.lusqtoff.com.ar\/truper\/wp-json\/wp\/v2\/product\/1593","targetHints":{"allow":["GET"]}}],"collection":[{"href":"https:\/\/www.lusqtoff.com.ar\/truper\/wp-json\/wp\/v2\/product"}],"about":[{"href":"https:\/\/www.lusqtoff.com.ar\/truper\/wp-json\/wp\/v2\/types\/product"}],"replies":[{"embeddable":true,"href":"https:\/\/www.lusqtoff.com.ar\/truper\/wp-json\/wp\/v2\/comments?post=1593"}],"wp:featuredmedia":[{"embeddable":true,"href":"https:\/\/www.lusqtoff.com.ar\/truper\/wp-json\/wp\/v2\/media\/4874"}],"wp:attachment":[{"href":"https:\/\/www.lusqtoff.com.ar\/truper\/wp-json\/wp\/v2\/media?parent=1593"}],"wp:term":[{"taxonomy":"product_brand","embeddable":true,"href":"https:\/\/www.lusqtoff.com.ar\/truper\/wp-json\/wp\/v2\/product_brand?post=1593"},{"taxonomy":"product_cat","embeddable":true,"href":"https:\/\/www.lusqtoff.com.ar\/truper\/wp-json\/wp\/v2\/product_cat?post=1593"},{"taxonomy":"product_tag","embeddable":true,"href":"https:\/\/www.lusqtoff.com.ar\/truper\/wp-json\/wp\/v2\/product_tag?post=1593"}],"curies":[{"name":"wp","href":"https:\/\/api.w.org\/{rel}","templated":true}]}}