{"id":1671,"date":"2024-04-23T16:58:20","date_gmt":"2024-04-23T14:58:20","guid":{"rendered":"https:\/\/truper.cepidesigns.com.ar\/producto\/destornillador-ph2-6-x-38-confort-grip\/"},"modified":"2024-09-03T20:23:36","modified_gmt":"2024-09-03T18:23:36","slug":"destornillador-ph2-6-x-38-confort-grip","status":"publish","type":"product","link":"https:\/\/www.lusqtoff.com.ar\/truper\/producto\/destornillador-ph2-6-x-38-confort-grip\/","title":{"rendered":"DESTORNILLADOR PH2 &#8211; 6 X 38 CONFORT GRIP"},"content":{"rendered":"<p>Barra hexagonal de acero al cromo vanadio, 2X m\u00e1s resistente al desgaste que las de acero al carbono, mango comfort grip con orificio para colgar, marcado y c\u00f3digo de color para f\u00e1cil identificaci\u00f3n de medida y punta, hex\u00e1gono en la barra que maximiza el torque con llave. <\/p>\n","protected":false},"excerpt":{"rendered":"<p>Medida (punta x largo de barra):1\/4&#8243; x 1 1\/2&#8243;<\/p>\n","protected":false},"featured_media":4625,"comment_status":"open","ping_status":"closed","template":"","meta":{"_acf_changed":false},"product_brand":[],"product_cat":[60,63],"product_tag":[],"class_list":{"0":"post-1671","1":"product","2":"type-product","3":"status-publish","4":"has-post-thumbnail","6":"product_cat-destornilladores","7":"product_cat-philips","9":"first","10":"instock","11":"shipping-taxable","12":"purchasable","13":"product-type-simple"},"acf":[],"_links":{"self":[{"href":"https:\/\/www.lusqtoff.com.ar\/truper\/wp-json\/wp\/v2\/product\/1671","targetHints":{"allow":["GET"]}}],"collection":[{"href":"https:\/\/www.lusqtoff.com.ar\/truper\/wp-json\/wp\/v2\/product"}],"about":[{"href":"https:\/\/www.lusqtoff.com.ar\/truper\/wp-json\/wp\/v2\/types\/product"}],"replies":[{"embeddable":true,"href":"https:\/\/www.lusqtoff.com.ar\/truper\/wp-json\/wp\/v2\/comments?post=1671"}],"wp:featuredmedia":[{"embeddable":true,"href":"https:\/\/www.lusqtoff.com.ar\/truper\/wp-json\/wp\/v2\/media\/4625"}],"wp:attachment":[{"href":"https:\/\/www.lusqtoff.com.ar\/truper\/wp-json\/wp\/v2\/media?parent=1671"}],"wp:term":[{"taxonomy":"product_brand","embeddable":true,"href":"https:\/\/www.lusqtoff.com.ar\/truper\/wp-json\/wp\/v2\/product_brand?post=1671"},{"taxonomy":"product_cat","embeddable":true,"href":"https:\/\/www.lusqtoff.com.ar\/truper\/wp-json\/wp\/v2\/product_cat?post=1671"},{"taxonomy":"product_tag","embeddable":true,"href":"https:\/\/www.lusqtoff.com.ar\/truper\/wp-json\/wp\/v2\/product_tag?post=1671"}],"curies":[{"name":"wp","href":"https:\/\/api.w.org\/{rel}","templated":true}]}}