{"id":1732,"date":"2024-04-23T16:58:27","date_gmt":"2024-04-23T14:58:27","guid":{"rendered":"https:\/\/truper.cepidesigns.com.ar\/producto\/juego-8-llaves-torx-tipo-navaja-2\/"},"modified":"2024-09-03T20:24:04","modified_gmt":"2024-09-03T18:24:04","slug":"juego-8-llaves-torx-tipo-navaja-2","status":"publish","type":"product","link":"https:\/\/www.lusqtoff.com.ar\/truper\/producto\/juego-8-llaves-torx-tipo-navaja-2\/","title":{"rendered":"JUEGO 8 LLAVES TORX TIPO NAVAJA"},"content":{"rendered":"<p>Fabricadas en acero al cromo vanadio 2X m\u00e1s resistentes al desgaste que las de acero al carbono, acabado satinado 3X m\u00e1s resistente a la corrosi\u00f3n, organizador abatible<\/p>\n","protected":false},"excerpt":{"rendered":"<p>Contenido:8 llaves torx (T-9, T-10, T-15, T-20, T-25, T-27, T-30, T-40)<\/p>\n","protected":false},"featured_media":5273,"comment_status":"open","ping_status":"closed","template":"","meta":{"_acf_changed":false},"product_brand":[],"product_cat":[60,65],"product_tag":[],"class_list":{"0":"post-1732","1":"product","2":"type-product","3":"status-publish","4":"has-post-thumbnail","6":"product_cat-destornilladores","7":"product_cat-juegos-destornilladores","9":"first","10":"instock","11":"shipping-taxable","12":"purchasable","13":"product-type-simple"},"acf":[],"_links":{"self":[{"href":"https:\/\/www.lusqtoff.com.ar\/truper\/wp-json\/wp\/v2\/product\/1732","targetHints":{"allow":["GET"]}}],"collection":[{"href":"https:\/\/www.lusqtoff.com.ar\/truper\/wp-json\/wp\/v2\/product"}],"about":[{"href":"https:\/\/www.lusqtoff.com.ar\/truper\/wp-json\/wp\/v2\/types\/product"}],"replies":[{"embeddable":true,"href":"https:\/\/www.lusqtoff.com.ar\/truper\/wp-json\/wp\/v2\/comments?post=1732"}],"wp:featuredmedia":[{"embeddable":true,"href":"https:\/\/www.lusqtoff.com.ar\/truper\/wp-json\/wp\/v2\/media\/5273"}],"wp:attachment":[{"href":"https:\/\/www.lusqtoff.com.ar\/truper\/wp-json\/wp\/v2\/media?parent=1732"}],"wp:term":[{"taxonomy":"product_brand","embeddable":true,"href":"https:\/\/www.lusqtoff.com.ar\/truper\/wp-json\/wp\/v2\/product_brand?post=1732"},{"taxonomy":"product_cat","embeddable":true,"href":"https:\/\/www.lusqtoff.com.ar\/truper\/wp-json\/wp\/v2\/product_cat?post=1732"},{"taxonomy":"product_tag","embeddable":true,"href":"https:\/\/www.lusqtoff.com.ar\/truper\/wp-json\/wp\/v2\/product_tag?post=1732"}],"curies":[{"name":"wp","href":"https:\/\/api.w.org\/{rel}","templated":true}]}}