{"id":1825,"date":"2024-04-23T16:58:38","date_gmt":"2024-04-23T14:58:38","guid":{"rendered":"https:\/\/truper.cepidesigns.com.ar\/producto\/jgo-42-ptas-combinadas-largo-30-y-75-mm-enc-3-8-y-1-2\/"},"modified":"2024-09-03T20:24:26","modified_gmt":"2024-09-03T18:24:26","slug":"jgo-42-ptas-combinadas-largo-30-y-75-mm-enc-3-8-y-1-2","status":"publish","type":"product","link":"https:\/\/www.lusqtoff.com.ar\/truper\/producto\/jgo-42-ptas-combinadas-largo-30-y-75-mm-enc-3-8-y-1-2\/","title":{"rendered":"JGO 42 PTAS COMBINADAS LARGO 30 Y 75 MM &#8211; ENC 3\/8 Y 1\/2"},"content":{"rendered":"<p>Puntas en acero al cromo vanadio<br \/>\nEstuche met\u00e1lico con espuma que protege y mantiene organizadas las herramientas, broches de cierre autom\u00e1tico, asa para f\u00e1cil manejo, herramienta marcada para f\u00e1cil identificaci\u00f3n<\/p>\n","protected":false},"excerpt":{"rendered":"<p>5 Puntas bristol largas de 75 mm: M5 a M12<br \/>\n7 Puntas allen largas de 75 mm: H4 a H12<br \/>\n8 Puntas torx largas de 75 mm: T20 a T60<br \/>\n2 Adaptadores largos de 75 mm: 3\/8&#8243; y 1\/2&#8243;<br \/>\n5 Puntas bristol cortas de 35 mm: M5 a M12<br \/>\n7 Puntas allen cortas de 35 mm: H4 a H12<br \/>\n8 Puntas torx cortas de 35 mm: T20 a T60<\/p>\n","protected":false},"featured_media":5519,"comment_status":"open","ping_status":"closed","template":"","meta":{"_acf_changed":false},"product_brand":[],"product_cat":[84,73],"product_tag":[],"class_list":{"0":"post-1825","1":"product","2":"type-product","3":"status-publish","4":"has-post-thumbnail","6":"product_cat-juegos-puntas","7":"product_cat-puntas","9":"first","10":"instock","11":"shipping-taxable","12":"purchasable","13":"product-type-simple"},"acf":[],"_links":{"self":[{"href":"https:\/\/www.lusqtoff.com.ar\/truper\/wp-json\/wp\/v2\/product\/1825","targetHints":{"allow":["GET"]}}],"collection":[{"href":"https:\/\/www.lusqtoff.com.ar\/truper\/wp-json\/wp\/v2\/product"}],"about":[{"href":"https:\/\/www.lusqtoff.com.ar\/truper\/wp-json\/wp\/v2\/types\/product"}],"replies":[{"embeddable":true,"href":"https:\/\/www.lusqtoff.com.ar\/truper\/wp-json\/wp\/v2\/comments?post=1825"}],"wp:featuredmedia":[{"embeddable":true,"href":"https:\/\/www.lusqtoff.com.ar\/truper\/wp-json\/wp\/v2\/media\/5519"}],"wp:attachment":[{"href":"https:\/\/www.lusqtoff.com.ar\/truper\/wp-json\/wp\/v2\/media?parent=1825"}],"wp:term":[{"taxonomy":"product_brand","embeddable":true,"href":"https:\/\/www.lusqtoff.com.ar\/truper\/wp-json\/wp\/v2\/product_brand?post=1825"},{"taxonomy":"product_cat","embeddable":true,"href":"https:\/\/www.lusqtoff.com.ar\/truper\/wp-json\/wp\/v2\/product_cat?post=1825"},{"taxonomy":"product_tag","embeddable":true,"href":"https:\/\/www.lusqtoff.com.ar\/truper\/wp-json\/wp\/v2\/product_tag?post=1825"}],"curies":[{"name":"wp","href":"https:\/\/api.w.org\/{rel}","templated":true}]}}