{"id":1829,"date":"2024-04-23T16:58:38","date_gmt":"2024-04-23T14:58:38","guid":{"rendered":"https:\/\/truper.cepidesigns.com.ar\/producto\/prensa-con-ajuste-rapido-apertura-31-cm-12\/"},"modified":"2024-09-03T20:24:27","modified_gmt":"2024-09-03T18:24:27","slug":"prensa-con-ajuste-rapido-apertura-31-cm-12","status":"publish","type":"product","link":"https:\/\/www.lusqtoff.com.ar\/truper\/producto\/prensa-con-ajuste-rapido-apertura-31-cm-12\/","title":{"rendered":"PRENSA CON AJUSTE RAPIDO APERTURA 31 CM (12&#8243;)"},"content":{"rendered":"<p>Cuerpo de nylon y barra de acero, profundidad de garganta 2 1\/4&#8243;, almohadillas de silic\u00f3n removibles que evitan el maltrato de la pieza de trabajo, palancas de liberaci\u00f3n r\u00e1pida<br \/>\nMordazas reversibles para separar<\/p>\n","protected":false},"excerpt":{"rendered":"<p>Apertura m\u00e1xima: 12&#8243; (31 cm)<br \/>\nLargo: 19&#8243; (48 cm)<\/p>\n","protected":false},"featured_media":5678,"comment_status":"open","ping_status":"closed","template":"","meta":{"_acf_changed":false},"product_brand":[],"product_cat":[86,85],"product_tag":[],"class_list":{"0":"post-1829","1":"product","2":"type-product","3":"status-publish","4":"has-post-thumbnail","6":"product_cat-prensas","7":"product_cat-sujecion","9":"first","10":"instock","11":"shipping-taxable","12":"purchasable","13":"product-type-simple"},"acf":[],"_links":{"self":[{"href":"https:\/\/www.lusqtoff.com.ar\/truper\/wp-json\/wp\/v2\/product\/1829","targetHints":{"allow":["GET"]}}],"collection":[{"href":"https:\/\/www.lusqtoff.com.ar\/truper\/wp-json\/wp\/v2\/product"}],"about":[{"href":"https:\/\/www.lusqtoff.com.ar\/truper\/wp-json\/wp\/v2\/types\/product"}],"replies":[{"embeddable":true,"href":"https:\/\/www.lusqtoff.com.ar\/truper\/wp-json\/wp\/v2\/comments?post=1829"}],"wp:featuredmedia":[{"embeddable":true,"href":"https:\/\/www.lusqtoff.com.ar\/truper\/wp-json\/wp\/v2\/media\/5678"}],"wp:attachment":[{"href":"https:\/\/www.lusqtoff.com.ar\/truper\/wp-json\/wp\/v2\/media?parent=1829"}],"wp:term":[{"taxonomy":"product_brand","embeddable":true,"href":"https:\/\/www.lusqtoff.com.ar\/truper\/wp-json\/wp\/v2\/product_brand?post=1829"},{"taxonomy":"product_cat","embeddable":true,"href":"https:\/\/www.lusqtoff.com.ar\/truper\/wp-json\/wp\/v2\/product_cat?post=1829"},{"taxonomy":"product_tag","embeddable":true,"href":"https:\/\/www.lusqtoff.com.ar\/truper\/wp-json\/wp\/v2\/product_tag?post=1829"}],"curies":[{"name":"wp","href":"https:\/\/api.w.org\/{rel}","templated":true}]}}