{"id":1837,"date":"2024-04-23T16:58:39","date_gmt":"2024-04-23T14:58:39","guid":{"rendered":"https:\/\/truper.cepidesigns.com.ar\/producto\/prensas-de-resorte-apertura-51-cm-2\/"},"modified":"2024-09-03T20:24:29","modified_gmt":"2024-09-03T18:24:29","slug":"prensas-de-resorte-apertura-51-cm-2","status":"publish","type":"product","link":"https:\/\/www.lusqtoff.com.ar\/truper\/producto\/prensas-de-resorte-apertura-51-cm-2\/","title":{"rendered":"PRENSAS DE RESORTE APERTURA 5,1 CM (2&#8243;)"},"content":{"rendered":"<p>Cuerpo de nylon y mango antiderrapante cubierto de TPR, mordazas movibles de polipropileno que no da\u00f1an la pieza de trabajo, pernos met\u00e1licos que incrementan la vida \u00fatil<\/p>\n","protected":false},"excerpt":{"rendered":"<p>Apertura m\u00e1xima: 2&#8243; (51 mm)<br \/>\nLargo: 4&#8243; (102 mm)<\/p>\n","protected":false},"featured_media":5486,"comment_status":"open","ping_status":"closed","template":"","meta":{"_acf_changed":false},"product_brand":[],"product_cat":[86,85],"product_tag":[],"class_list":{"0":"post-1837","1":"product","2":"type-product","3":"status-publish","4":"has-post-thumbnail","6":"product_cat-prensas","7":"product_cat-sujecion","9":"first","10":"instock","11":"shipping-taxable","12":"purchasable","13":"product-type-simple"},"acf":[],"_links":{"self":[{"href":"https:\/\/www.lusqtoff.com.ar\/truper\/wp-json\/wp\/v2\/product\/1837","targetHints":{"allow":["GET"]}}],"collection":[{"href":"https:\/\/www.lusqtoff.com.ar\/truper\/wp-json\/wp\/v2\/product"}],"about":[{"href":"https:\/\/www.lusqtoff.com.ar\/truper\/wp-json\/wp\/v2\/types\/product"}],"replies":[{"embeddable":true,"href":"https:\/\/www.lusqtoff.com.ar\/truper\/wp-json\/wp\/v2\/comments?post=1837"}],"wp:featuredmedia":[{"embeddable":true,"href":"https:\/\/www.lusqtoff.com.ar\/truper\/wp-json\/wp\/v2\/media\/5486"}],"wp:attachment":[{"href":"https:\/\/www.lusqtoff.com.ar\/truper\/wp-json\/wp\/v2\/media?parent=1837"}],"wp:term":[{"taxonomy":"product_brand","embeddable":true,"href":"https:\/\/www.lusqtoff.com.ar\/truper\/wp-json\/wp\/v2\/product_brand?post=1837"},{"taxonomy":"product_cat","embeddable":true,"href":"https:\/\/www.lusqtoff.com.ar\/truper\/wp-json\/wp\/v2\/product_cat?post=1837"},{"taxonomy":"product_tag","embeddable":true,"href":"https:\/\/www.lusqtoff.com.ar\/truper\/wp-json\/wp\/v2\/product_tag?post=1837"}],"curies":[{"name":"wp","href":"https:\/\/api.w.org\/{rel}","templated":true}]}}