{"id":1841,"date":"2024-04-23T16:58:39","date_gmt":"2024-04-23T14:58:39","guid":{"rendered":"https:\/\/truper.cepidesigns.com.ar\/producto\/sargento-para-tubo-de-19-mm-3-4\/"},"modified":"2024-09-03T20:24:30","modified_gmt":"2024-09-03T18:24:30","slug":"sargento-para-tubo-de-19-mm-3-4","status":"publish","type":"product","link":"https:\/\/www.lusqtoff.com.ar\/truper\/producto\/sargento-para-tubo-de-19-mm-3-4\/","title":{"rendered":"SARGENTO PARA TUBO DE 19 MM (3\/4)"},"content":{"rendered":"<p>Cuerpo de hierro d\u00factil que proporciona mayor resistencia, base alta que permite manipular con mayor comodidad, mango tipo manivela para una sujeci\u00f3n f\u00e1cil y r\u00e1pida, con seguro de bloqueo<\/p>\n","protected":false},"excerpt":{"rendered":"<p>Capacidad de tubo: 1 1\/8&#8243; (28 mm)<br \/>\nPeso: 1.4 kg<\/p>\n","protected":false},"featured_media":5498,"comment_status":"open","ping_status":"closed","template":"","meta":{"_acf_changed":false},"product_brand":[],"product_cat":[87,85],"product_tag":[],"class_list":{"0":"post-1841","1":"product","2":"type-product","3":"status-publish","4":"has-post-thumbnail","6":"product_cat-sargentos","7":"product_cat-sujecion","9":"first","10":"instock","11":"shipping-taxable","12":"purchasable","13":"product-type-simple"},"acf":[],"_links":{"self":[{"href":"https:\/\/www.lusqtoff.com.ar\/truper\/wp-json\/wp\/v2\/product\/1841","targetHints":{"allow":["GET"]}}],"collection":[{"href":"https:\/\/www.lusqtoff.com.ar\/truper\/wp-json\/wp\/v2\/product"}],"about":[{"href":"https:\/\/www.lusqtoff.com.ar\/truper\/wp-json\/wp\/v2\/types\/product"}],"replies":[{"embeddable":true,"href":"https:\/\/www.lusqtoff.com.ar\/truper\/wp-json\/wp\/v2\/comments?post=1841"}],"wp:featuredmedia":[{"embeddable":true,"href":"https:\/\/www.lusqtoff.com.ar\/truper\/wp-json\/wp\/v2\/media\/5498"}],"wp:attachment":[{"href":"https:\/\/www.lusqtoff.com.ar\/truper\/wp-json\/wp\/v2\/media?parent=1841"}],"wp:term":[{"taxonomy":"product_brand","embeddable":true,"href":"https:\/\/www.lusqtoff.com.ar\/truper\/wp-json\/wp\/v2\/product_brand?post=1841"},{"taxonomy":"product_cat","embeddable":true,"href":"https:\/\/www.lusqtoff.com.ar\/truper\/wp-json\/wp\/v2\/product_cat?post=1841"},{"taxonomy":"product_tag","embeddable":true,"href":"https:\/\/www.lusqtoff.com.ar\/truper\/wp-json\/wp\/v2\/product_tag?post=1841"}],"curies":[{"name":"wp","href":"https:\/\/api.w.org\/{rel}","templated":true}]}}