{"id":1850,"date":"2024-04-23T16:58:41","date_gmt":"2024-04-23T14:58:41","guid":{"rendered":"https:\/\/truper.cepidesigns.com.ar\/producto\/remachadora-tipo-fuelle-extension-hasta-74-cm-29\/"},"modified":"2024-09-03T20:24:31","modified_gmt":"2024-09-03T18:24:31","slug":"remachadora-tipo-fuelle-extension-hasta-74-cm-29","status":"publish","type":"product","link":"https:\/\/www.lusqtoff.com.ar\/truper\/producto\/remachadora-tipo-fuelle-extension-hasta-74-cm-29\/","title":{"rendered":"REMACHADORA TIPO FUELLE &#8211; EXTENSION HASTA 74 CM (29&#8243;)"},"content":{"rendered":"<p>Cuerpo de aluminio y mango ergon\u00f3mico, 5 boquillas intercambiables con indicador de color para f\u00e1cil identificaci\u00f3n de remaches: 3\/32&#8243;, 1\/8&#8243;, 5\/32&#8243;, 3\/16&#8243; y 1\/4&#8243;<br \/>\n, f\u00e1cil inserci\u00f3n de remaches en lugares de dif\u00edcil acceso<\/p>\n","protected":false},"excerpt":{"rendered":"<p>Largo sin extender \/ extendida: 11&#8243; (28 cm) \/ 29&#8243; (74 cm)<br \/>\nBoquillas: 3\/32&#8243;, 1\/8&#8243;, 5\/32&#8243;, 3\/16&#8243; y 1\/4&#8243;<\/p>\n","protected":false},"featured_media":5542,"comment_status":"open","ping_status":"closed","template":"","meta":{"_acf_changed":false},"product_brand":[],"product_cat":[89,90],"product_tag":[],"class_list":{"0":"post-1850","1":"product","2":"type-product","3":"status-publish","4":"has-post-thumbnail","6":"product_cat-fijacion","7":"product_cat-remachadoras","9":"first","10":"instock","11":"shipping-taxable","12":"purchasable","13":"product-type-simple"},"acf":[],"_links":{"self":[{"href":"https:\/\/www.lusqtoff.com.ar\/truper\/wp-json\/wp\/v2\/product\/1850","targetHints":{"allow":["GET"]}}],"collection":[{"href":"https:\/\/www.lusqtoff.com.ar\/truper\/wp-json\/wp\/v2\/product"}],"about":[{"href":"https:\/\/www.lusqtoff.com.ar\/truper\/wp-json\/wp\/v2\/types\/product"}],"replies":[{"embeddable":true,"href":"https:\/\/www.lusqtoff.com.ar\/truper\/wp-json\/wp\/v2\/comments?post=1850"}],"wp:featuredmedia":[{"embeddable":true,"href":"https:\/\/www.lusqtoff.com.ar\/truper\/wp-json\/wp\/v2\/media\/5542"}],"wp:attachment":[{"href":"https:\/\/www.lusqtoff.com.ar\/truper\/wp-json\/wp\/v2\/media?parent=1850"}],"wp:term":[{"taxonomy":"product_brand","embeddable":true,"href":"https:\/\/www.lusqtoff.com.ar\/truper\/wp-json\/wp\/v2\/product_brand?post=1850"},{"taxonomy":"product_cat","embeddable":true,"href":"https:\/\/www.lusqtoff.com.ar\/truper\/wp-json\/wp\/v2\/product_cat?post=1850"},{"taxonomy":"product_tag","embeddable":true,"href":"https:\/\/www.lusqtoff.com.ar\/truper\/wp-json\/wp\/v2\/product_tag?post=1850"}],"curies":[{"name":"wp","href":"https:\/\/api.w.org\/{rel}","templated":true}]}}