{"id":1851,"date":"2024-04-23T16:58:41","date_gmt":"2024-04-23T14:58:41","guid":{"rendered":"https:\/\/truper.cepidesigns.com.ar\/producto\/remachadora-industrial-uso-pesado-13\/"},"modified":"2024-09-03T20:24:31","modified_gmt":"2024-09-03T18:24:31","slug":"remachadora-industrial-uso-pesado-13","status":"publish","type":"product","link":"https:\/\/www.lusqtoff.com.ar\/truper\/producto\/remachadora-industrial-uso-pesado-13\/","title":{"rendered":"REMACHADORA INDUSTRIAL USO PESADO 13&#8243;"},"content":{"rendered":"<p>Cuerpo m\u00e1s robusto y mangos ergon\u00f3micos que reducen el esfuerzo al remachar, contenedor pl\u00e1stico para residuos, 5 boquillas intercambiables con indicador de color para f\u00e1cil identificaci\u00f3n de remaches: 3\/32&#8243;, 1\/8&#8243;, 5\/32&#8243;, 3\/16&#8243; y 1\/4&#8243;, brazos largos para mayor potencia con menor esfuerzo, para remaches de aluminio, acero y acero inoxidable<\/p>\n","protected":false},"excerpt":{"rendered":"<p>Largo: 13&#8243; (325 mm)<br \/>\nBoquillas: 3\/32&#8243;, 1\/8&#8243;, 5\/32&#8243;, 3\/16 y 1\/4&#8243;<\/p>\n","protected":false},"featured_media":5725,"comment_status":"open","ping_status":"closed","template":"","meta":{"_acf_changed":false},"product_brand":[],"product_cat":[89,90],"product_tag":[],"class_list":{"0":"post-1851","1":"product","2":"type-product","3":"status-publish","4":"has-post-thumbnail","6":"product_cat-fijacion","7":"product_cat-remachadoras","9":"first","10":"instock","11":"shipping-taxable","12":"purchasable","13":"product-type-simple"},"acf":[],"_links":{"self":[{"href":"https:\/\/www.lusqtoff.com.ar\/truper\/wp-json\/wp\/v2\/product\/1851","targetHints":{"allow":["GET"]}}],"collection":[{"href":"https:\/\/www.lusqtoff.com.ar\/truper\/wp-json\/wp\/v2\/product"}],"about":[{"href":"https:\/\/www.lusqtoff.com.ar\/truper\/wp-json\/wp\/v2\/types\/product"}],"replies":[{"embeddable":true,"href":"https:\/\/www.lusqtoff.com.ar\/truper\/wp-json\/wp\/v2\/comments?post=1851"}],"wp:featuredmedia":[{"embeddable":true,"href":"https:\/\/www.lusqtoff.com.ar\/truper\/wp-json\/wp\/v2\/media\/5725"}],"wp:attachment":[{"href":"https:\/\/www.lusqtoff.com.ar\/truper\/wp-json\/wp\/v2\/media?parent=1851"}],"wp:term":[{"taxonomy":"product_brand","embeddable":true,"href":"https:\/\/www.lusqtoff.com.ar\/truper\/wp-json\/wp\/v2\/product_brand?post=1851"},{"taxonomy":"product_cat","embeddable":true,"href":"https:\/\/www.lusqtoff.com.ar\/truper\/wp-json\/wp\/v2\/product_cat?post=1851"},{"taxonomy":"product_tag","embeddable":true,"href":"https:\/\/www.lusqtoff.com.ar\/truper\/wp-json\/wp\/v2\/product_tag?post=1851"}],"curies":[{"name":"wp","href":"https:\/\/api.w.org\/{rel}","templated":true}]}}