{"id":1866,"date":"2024-04-23T16:58:42","date_gmt":"2024-04-23T14:58:42","guid":{"rendered":"https:\/\/truper.cepidesigns.com.ar\/producto\/pistola-electrica-para-pegar-25-w-diam-barra-13-mm\/"},"modified":"2024-09-03T20:24:35","modified_gmt":"2024-09-03T18:24:35","slug":"pistola-electrica-para-pegar-25-w-diam-barra-13-mm","status":"publish","type":"product","link":"https:\/\/www.lusqtoff.com.ar\/truper\/producto\/pistola-electrica-para-pegar-25-w-diam-barra-13-mm\/","title":{"rendered":"PISTOLA EL\u00c9CTRICA PARA PEGAR 25 W DIAM. BARRA 13 MM"},"content":{"rendered":"<p>Ligera y de agarre c\u00f3modo, gatillo de f\u00e1cil compresi\u00f3n y boquilla para una aplicaci\u00f3n precisa, para reparaciones generales, pasatiempos y artesan\u00edas<\/p>\n","protected":false},"excerpt":{"rendered":"<p>Potencia\t: 15 W<br \/>\nTensi\u00f3n:\t220 V<br \/>\nDi\u00e1metro de barra: 1\/2&#8243; (13 mm)<br \/>\nDimensiones (largo x alto): 16 x 14 cm<br \/>\nLargo del cable: 1.5 m<\/p>\n","protected":false},"featured_media":5749,"comment_status":"open","ping_status":"closed","template":"","meta":{"_acf_changed":false},"product_brand":[],"product_cat":[89,93],"product_tag":[],"class_list":{"0":"post-1866","1":"product","2":"type-product","3":"status-publish","4":"has-post-thumbnail","6":"product_cat-fijacion","7":"product_cat-pistola-de-pegar","9":"first","10":"instock","11":"shipping-taxable","12":"purchasable","13":"product-type-simple"},"acf":[],"_links":{"self":[{"href":"https:\/\/www.lusqtoff.com.ar\/truper\/wp-json\/wp\/v2\/product\/1866","targetHints":{"allow":["GET"]}}],"collection":[{"href":"https:\/\/www.lusqtoff.com.ar\/truper\/wp-json\/wp\/v2\/product"}],"about":[{"href":"https:\/\/www.lusqtoff.com.ar\/truper\/wp-json\/wp\/v2\/types\/product"}],"replies":[{"embeddable":true,"href":"https:\/\/www.lusqtoff.com.ar\/truper\/wp-json\/wp\/v2\/comments?post=1866"}],"wp:featuredmedia":[{"embeddable":true,"href":"https:\/\/www.lusqtoff.com.ar\/truper\/wp-json\/wp\/v2\/media\/5749"}],"wp:attachment":[{"href":"https:\/\/www.lusqtoff.com.ar\/truper\/wp-json\/wp\/v2\/media?parent=1866"}],"wp:term":[{"taxonomy":"product_brand","embeddable":true,"href":"https:\/\/www.lusqtoff.com.ar\/truper\/wp-json\/wp\/v2\/product_brand?post=1866"},{"taxonomy":"product_cat","embeddable":true,"href":"https:\/\/www.lusqtoff.com.ar\/truper\/wp-json\/wp\/v2\/product_cat?post=1866"},{"taxonomy":"product_tag","embeddable":true,"href":"https:\/\/www.lusqtoff.com.ar\/truper\/wp-json\/wp\/v2\/product_tag?post=1866"}],"curies":[{"name":"wp","href":"https:\/\/api.w.org\/{rel}","templated":true}]}}