{"id":1873,"date":"2024-04-23T16:58:43","date_gmt":"2024-04-23T14:58:43","guid":{"rendered":"https:\/\/truper.cepidesigns.com.ar\/producto\/arco-de-sierra-profesional-para-sierra-30-cm-12\/"},"modified":"2024-09-03T20:24:36","modified_gmt":"2024-09-03T18:24:36","slug":"arco-de-sierra-profesional-para-sierra-30-cm-12","status":"publish","type":"product","link":"https:\/\/www.lusqtoff.com.ar\/truper\/producto\/arco-de-sierra-profesional-para-sierra-30-cm-12\/","title":{"rendered":"ARCO DE SIERRA PROFESIONAL PARA SIERRA 30 CM (12&#8243;)"},"content":{"rendered":"<p>Mango ergon\u00f3mico inyectado en aluminio y asa secundaria para mayor control, palanca para ajuste de tensi\u00f3n de la hoja, tensi\u00f3n de segueta hasta 1200 kg\/cm\u00b2, dos posiciones de segueta 90\u00b0 y 180\u00b0<\/p>\n","protected":false},"excerpt":{"rendered":"<p>Largo del arco: 16 1\/4&#8243; (425 mm)<br \/>\nLargo de segueta: 12&#8243; (300 mm)<br \/>\nTensi\u00f3n:\t1200 kg\/cm\u00b2<\/p>\n","protected":false},"featured_media":5817,"comment_status":"open","ping_status":"closed","template":"","meta":{"_acf_changed":false},"product_brand":[],"product_cat":[97,95],"product_tag":[],"class_list":{"0":"post-1873","1":"product","2":"type-product","3":"status-publish","4":"has-post-thumbnail","6":"product_cat-arco-de-sierra","7":"product_cat-corte","9":"first","10":"instock","11":"shipping-taxable","12":"purchasable","13":"product-type-simple"},"acf":[],"_links":{"self":[{"href":"https:\/\/www.lusqtoff.com.ar\/truper\/wp-json\/wp\/v2\/product\/1873","targetHints":{"allow":["GET"]}}],"collection":[{"href":"https:\/\/www.lusqtoff.com.ar\/truper\/wp-json\/wp\/v2\/product"}],"about":[{"href":"https:\/\/www.lusqtoff.com.ar\/truper\/wp-json\/wp\/v2\/types\/product"}],"replies":[{"embeddable":true,"href":"https:\/\/www.lusqtoff.com.ar\/truper\/wp-json\/wp\/v2\/comments?post=1873"}],"wp:featuredmedia":[{"embeddable":true,"href":"https:\/\/www.lusqtoff.com.ar\/truper\/wp-json\/wp\/v2\/media\/5817"}],"wp:attachment":[{"href":"https:\/\/www.lusqtoff.com.ar\/truper\/wp-json\/wp\/v2\/media?parent=1873"}],"wp:term":[{"taxonomy":"product_brand","embeddable":true,"href":"https:\/\/www.lusqtoff.com.ar\/truper\/wp-json\/wp\/v2\/product_brand?post=1873"},{"taxonomy":"product_cat","embeddable":true,"href":"https:\/\/www.lusqtoff.com.ar\/truper\/wp-json\/wp\/v2\/product_cat?post=1873"},{"taxonomy":"product_tag","embeddable":true,"href":"https:\/\/www.lusqtoff.com.ar\/truper\/wp-json\/wp\/v2\/product_tag?post=1873"}],"curies":[{"name":"wp","href":"https:\/\/api.w.org\/{rel}","templated":true}]}}