{"id":1876,"date":"2024-04-23T16:58:44","date_gmt":"2024-04-23T14:58:44","guid":{"rendered":"https:\/\/truper.cepidesigns.com.ar\/producto\/arco-de-sierra-para-sierra-30-cm-12-2-posiciones-de-corte\/"},"modified":"2024-09-03T20:24:36","modified_gmt":"2024-09-03T18:24:36","slug":"arco-de-sierra-para-sierra-30-cm-12-2-posiciones-de-corte","status":"publish","type":"product","link":"https:\/\/www.lusqtoff.com.ar\/truper\/producto\/arco-de-sierra-para-sierra-30-cm-12-2-posiciones-de-corte\/","title":{"rendered":"ARCO DE SIERRA -PARA SIERRA 30 CM (12&#8243;) &#8211; 2 POSICIONES DE CORTE"},"content":{"rendered":"<p>Mango fabricado en ABS, compacto y resistente, mayor tensi\u00f3n de ajuste para cortes m\u00e1s r\u00e1pidos y precisos, dos posiciones de segueta 90\u00b0 y 180\u00b0, tuerca de ajuste de tensi\u00f3n<\/p>\n","protected":false},"excerpt":{"rendered":"<p>Largo del arco: 15 1\/2&#8243; (390 mm)<br \/>\nLargo de segueta: 12&#8243; (300 mm)<br \/>\nTensi\u00f3n: 1000 kg \/ cm\u00b2<\/p>\n","protected":false},"featured_media":6330,"comment_status":"open","ping_status":"closed","template":"","meta":{"_acf_changed":false},"product_brand":[],"product_cat":[97,95],"product_tag":[],"class_list":{"0":"post-1876","1":"product","2":"type-product","3":"status-publish","4":"has-post-thumbnail","6":"product_cat-arco-de-sierra","7":"product_cat-corte","9":"first","10":"instock","11":"shipping-taxable","12":"purchasable","13":"product-type-simple"},"acf":[],"_links":{"self":[{"href":"https:\/\/www.lusqtoff.com.ar\/truper\/wp-json\/wp\/v2\/product\/1876","targetHints":{"allow":["GET"]}}],"collection":[{"href":"https:\/\/www.lusqtoff.com.ar\/truper\/wp-json\/wp\/v2\/product"}],"about":[{"href":"https:\/\/www.lusqtoff.com.ar\/truper\/wp-json\/wp\/v2\/types\/product"}],"replies":[{"embeddable":true,"href":"https:\/\/www.lusqtoff.com.ar\/truper\/wp-json\/wp\/v2\/comments?post=1876"}],"wp:featuredmedia":[{"embeddable":true,"href":"https:\/\/www.lusqtoff.com.ar\/truper\/wp-json\/wp\/v2\/media\/6330"}],"wp:attachment":[{"href":"https:\/\/www.lusqtoff.com.ar\/truper\/wp-json\/wp\/v2\/media?parent=1876"}],"wp:term":[{"taxonomy":"product_brand","embeddable":true,"href":"https:\/\/www.lusqtoff.com.ar\/truper\/wp-json\/wp\/v2\/product_brand?post=1876"},{"taxonomy":"product_cat","embeddable":true,"href":"https:\/\/www.lusqtoff.com.ar\/truper\/wp-json\/wp\/v2\/product_cat?post=1876"},{"taxonomy":"product_tag","embeddable":true,"href":"https:\/\/www.lusqtoff.com.ar\/truper\/wp-json\/wp\/v2\/product_tag?post=1876"}],"curies":[{"name":"wp","href":"https:\/\/api.w.org\/{rel}","templated":true}]}}