{"id":1880,"date":"2024-04-23T16:58:44","date_gmt":"2024-04-23T14:58:44","guid":{"rendered":"https:\/\/truper.cepidesigns.com.ar\/producto\/tijera-de-aviacion-corte-izquierdo-largo-25-cm-10\/"},"modified":"2024-09-03T20:24:37","modified_gmt":"2024-09-03T18:24:37","slug":"tijera-de-aviacion-corte-izquierdo-largo-25-cm-10","status":"publish","type":"product","link":"https:\/\/www.lusqtoff.com.ar\/truper\/producto\/tijera-de-aviacion-corte-izquierdo-largo-25-cm-10\/","title":{"rendered":"TIJERA DE AVIACI\u00d3N CORTE IZQUIERDO &#8211; LARGO 25 CM (10&#8243;)"},"content":{"rendered":"<p>Hojas forjadas de acero al cromo molibdeno 2X m\u00e1s resistentes al desgaste que las de acero al carbono, recubrimiento niquelado para mayor resistencia a la corrosi\u00f3n, mangos ergon\u00f3micos confortables de color amarillo para f\u00e1cil identificaci\u00f3n de tipo de corte ,ideal para cortar cobre, acero y acero inoxidable<\/p>\n","protected":false},"excerpt":{"rendered":"<p>Tipo de corte:Izquierdo<br \/>\nLargo: 10&#8243; (25 cm)<br \/>\nCapacidad de corte<br \/>\nCobre y acero: 1.2 mm, acero inoxidable: 0.8 mm<\/p>\n","protected":false},"featured_media":5607,"comment_status":"open","ping_status":"closed","template":"","meta":{"_acf_changed":false},"product_brand":[],"product_cat":[99,95],"product_tag":[],"class_list":{"0":"post-1880","1":"product","2":"type-product","3":"status-publish","4":"has-post-thumbnail","6":"product_cat-aviacion","7":"product_cat-corte","9":"first","10":"instock","11":"shipping-taxable","12":"purchasable","13":"product-type-simple"},"acf":[],"_links":{"self":[{"href":"https:\/\/www.lusqtoff.com.ar\/truper\/wp-json\/wp\/v2\/product\/1880","targetHints":{"allow":["GET"]}}],"collection":[{"href":"https:\/\/www.lusqtoff.com.ar\/truper\/wp-json\/wp\/v2\/product"}],"about":[{"href":"https:\/\/www.lusqtoff.com.ar\/truper\/wp-json\/wp\/v2\/types\/product"}],"replies":[{"embeddable":true,"href":"https:\/\/www.lusqtoff.com.ar\/truper\/wp-json\/wp\/v2\/comments?post=1880"}],"wp:featuredmedia":[{"embeddable":true,"href":"https:\/\/www.lusqtoff.com.ar\/truper\/wp-json\/wp\/v2\/media\/5607"}],"wp:attachment":[{"href":"https:\/\/www.lusqtoff.com.ar\/truper\/wp-json\/wp\/v2\/media?parent=1880"}],"wp:term":[{"taxonomy":"product_brand","embeddable":true,"href":"https:\/\/www.lusqtoff.com.ar\/truper\/wp-json\/wp\/v2\/product_brand?post=1880"},{"taxonomy":"product_cat","embeddable":true,"href":"https:\/\/www.lusqtoff.com.ar\/truper\/wp-json\/wp\/v2\/product_cat?post=1880"},{"taxonomy":"product_tag","embeddable":true,"href":"https:\/\/www.lusqtoff.com.ar\/truper\/wp-json\/wp\/v2\/product_tag?post=1880"}],"curies":[{"name":"wp","href":"https:\/\/api.w.org\/{rel}","templated":true}]}}