{"id":1882,"date":"2024-04-23T16:58:45","date_gmt":"2024-04-23T14:58:45","guid":{"rendered":"https:\/\/truper.cepidesigns.com.ar\/producto\/corta-tubo-uso-pesado-apertura-3-a-29-mm-cuchilla-20-mm\/"},"modified":"2024-09-03T20:24:37","modified_gmt":"2024-09-03T18:24:37","slug":"corta-tubo-uso-pesado-apertura-3-a-29-mm-cuchilla-20-mm","status":"publish","type":"product","link":"https:\/\/www.lusqtoff.com.ar\/truper\/producto\/corta-tubo-uso-pesado-apertura-3-a-29-mm-cuchilla-20-mm\/","title":{"rendered":"CORTA TUBO USO PESADO APERTURA 3 A 29 MM CUCHILLA 20 MM"},"content":{"rendered":"<p>Dise\u00f1o robusto y ergon\u00f3mico, cuchilla de acero de alta aleaci\u00f3n de mayor di\u00e1metro y duraci\u00f3n, cortes limpios en tubos de cobre, lat\u00f3n y aluminio ,removedor de rebabas retr\u00e1ctil, cuchilla de repuesto que se puede guardar en la perilla<\/p>\n","protected":false},"excerpt":{"rendered":"<p>Apertura\t1\/8&#8243; &#8211; 1 1\/8&#8243; (3 &#8211; 29 mm)<br \/>\nDi\u00e1metro de cuchilla: 20 mm<br \/>\nLargo: 15 cm<br \/>\nPeso: 408 g<\/p>\n","protected":false},"featured_media":6139,"comment_status":"open","ping_status":"closed","template":"","meta":{"_acf_changed":false},"product_brand":[],"product_cat":[100,95],"product_tag":[],"class_list":{"0":"post-1882","1":"product","2":"type-product","3":"status-publish","4":"has-post-thumbnail","6":"product_cat-corta-tubos","7":"product_cat-corte","9":"first","10":"instock","11":"shipping-taxable","12":"purchasable","13":"product-type-simple"},"acf":[],"_links":{"self":[{"href":"https:\/\/www.lusqtoff.com.ar\/truper\/wp-json\/wp\/v2\/product\/1882","targetHints":{"allow":["GET"]}}],"collection":[{"href":"https:\/\/www.lusqtoff.com.ar\/truper\/wp-json\/wp\/v2\/product"}],"about":[{"href":"https:\/\/www.lusqtoff.com.ar\/truper\/wp-json\/wp\/v2\/types\/product"}],"replies":[{"embeddable":true,"href":"https:\/\/www.lusqtoff.com.ar\/truper\/wp-json\/wp\/v2\/comments?post=1882"}],"wp:featuredmedia":[{"embeddable":true,"href":"https:\/\/www.lusqtoff.com.ar\/truper\/wp-json\/wp\/v2\/media\/6139"}],"wp:attachment":[{"href":"https:\/\/www.lusqtoff.com.ar\/truper\/wp-json\/wp\/v2\/media?parent=1882"}],"wp:term":[{"taxonomy":"product_brand","embeddable":true,"href":"https:\/\/www.lusqtoff.com.ar\/truper\/wp-json\/wp\/v2\/product_brand?post=1882"},{"taxonomy":"product_cat","embeddable":true,"href":"https:\/\/www.lusqtoff.com.ar\/truper\/wp-json\/wp\/v2\/product_cat?post=1882"},{"taxonomy":"product_tag","embeddable":true,"href":"https:\/\/www.lusqtoff.com.ar\/truper\/wp-json\/wp\/v2\/product_tag?post=1882"}],"curies":[{"name":"wp","href":"https:\/\/api.w.org\/{rel}","templated":true}]}}