{"id":1888,"date":"2024-04-23T16:58:45","date_gmt":"2024-04-23T14:58:45","guid":{"rendered":"https:\/\/truper.cepidesigns.com.ar\/producto\/corta-vidrios-largo-13-cm-diam-65-mm\/"},"modified":"2024-09-03T20:24:40","modified_gmt":"2024-09-03T18:24:40","slug":"corta-vidrios-largo-13-cm-diam-65-mm","status":"publish","type":"product","link":"https:\/\/www.lusqtoff.com.ar\/truper\/producto\/corta-vidrios-largo-13-cm-diam-65-mm\/","title":{"rendered":"CORTA VIDRIOS LARGO 13 CM &#8211; DIAM 6,5 MM"},"content":{"rendered":"<p>Cuchilla de carburo de tungsteno de larga duraci\u00f3n ,mango met\u00e1lico con extremo de bola para partir el vidrio, 3, ranuras para diferente espesor que facilita la separaci\u00f3n del vidrio, en cortes cerca del borde<\/p>\n","protected":false},"excerpt":{"rendered":"<p>\u00c1ngulo de corte: 100\u00b0<br \/>\nLargo: 5&#8243; (13 cm)<br \/>\nNo. de cuhillas: 1<br \/>\nDi\u00e1metro de cuchilla: 6.5 mm<br \/>\nCapacidad de corte: 6 mm<\/p>\n","protected":false},"featured_media":6185,"comment_status":"open","ping_status":"closed","template":"","meta":{"_acf_changed":false},"product_brand":[],"product_cat":[101,95],"product_tag":[],"class_list":{"0":"post-1888","1":"product","2":"type-product","3":"status-publish","4":"has-post-thumbnail","6":"product_cat-corta-vidrios","7":"product_cat-corte","9":"first","10":"instock","11":"shipping-taxable","12":"purchasable","13":"product-type-simple"},"acf":[],"_links":{"self":[{"href":"https:\/\/www.lusqtoff.com.ar\/truper\/wp-json\/wp\/v2\/product\/1888","targetHints":{"allow":["GET"]}}],"collection":[{"href":"https:\/\/www.lusqtoff.com.ar\/truper\/wp-json\/wp\/v2\/product"}],"about":[{"href":"https:\/\/www.lusqtoff.com.ar\/truper\/wp-json\/wp\/v2\/types\/product"}],"replies":[{"embeddable":true,"href":"https:\/\/www.lusqtoff.com.ar\/truper\/wp-json\/wp\/v2\/comments?post=1888"}],"wp:featuredmedia":[{"embeddable":true,"href":"https:\/\/www.lusqtoff.com.ar\/truper\/wp-json\/wp\/v2\/media\/6185"}],"wp:attachment":[{"href":"https:\/\/www.lusqtoff.com.ar\/truper\/wp-json\/wp\/v2\/media?parent=1888"}],"wp:term":[{"taxonomy":"product_brand","embeddable":true,"href":"https:\/\/www.lusqtoff.com.ar\/truper\/wp-json\/wp\/v2\/product_brand?post=1888"},{"taxonomy":"product_cat","embeddable":true,"href":"https:\/\/www.lusqtoff.com.ar\/truper\/wp-json\/wp\/v2\/product_cat?post=1888"},{"taxonomy":"product_tag","embeddable":true,"href":"https:\/\/www.lusqtoff.com.ar\/truper\/wp-json\/wp\/v2\/product_tag?post=1888"}],"curies":[{"name":"wp","href":"https:\/\/api.w.org\/{rel}","templated":true}]}}