{"id":1892,"date":"2024-04-23T16:58:46","date_gmt":"2024-04-23T14:58:46","guid":{"rendered":"https:\/\/truper.cepidesigns.com.ar\/producto\/cutter-auto-retractil-con-seguro-de-aluminio-hoja-ancho-19-mm\/"},"modified":"2024-09-03T20:24:41","modified_gmt":"2024-09-03T18:24:41","slug":"cutter-auto-retractil-con-seguro-de-aluminio-hoja-ancho-19-mm","status":"publish","type":"product","link":"https:\/\/www.lusqtoff.com.ar\/truper\/producto\/cutter-auto-retractil-con-seguro-de-aluminio-hoja-ancho-19-mm\/","title":{"rendered":"CUTTER AUTO RETRACTIL CON SEGURO DE ALUMINIO &#8211; HOJA ANCHO 19 MM"},"content":{"rendered":"<p>Cuerpo ligero de aluminio y mango ergon\u00f3mico, seguro de bloqueo, previene que la cuchilla salga accidentalmente ,cuchillas con doble bisel para mayor resistencia y cortes precisos, mecanismo auto-retr\u00e1ctil de seguridad: al soldar el bot\u00f3n la cuchilla se guarda autom\u00e1ticamente<\/p>\n","protected":false},"excerpt":{"rendered":"<p>Largo: 7&#8243; (18 cm)<\/p>\n","protected":false},"featured_media":5765,"comment_status":"open","ping_status":"closed","template":"","meta":{"_acf_changed":false},"product_brand":[],"product_cat":[95,103],"product_tag":[],"class_list":{"0":"post-1892","1":"product","2":"type-product","3":"status-publish","4":"has-post-thumbnail","6":"product_cat-corte","7":"product_cat-cutters","9":"first","10":"instock","11":"shipping-taxable","12":"purchasable","13":"product-type-simple"},"acf":[],"_links":{"self":[{"href":"https:\/\/www.lusqtoff.com.ar\/truper\/wp-json\/wp\/v2\/product\/1892","targetHints":{"allow":["GET"]}}],"collection":[{"href":"https:\/\/www.lusqtoff.com.ar\/truper\/wp-json\/wp\/v2\/product"}],"about":[{"href":"https:\/\/www.lusqtoff.com.ar\/truper\/wp-json\/wp\/v2\/types\/product"}],"replies":[{"embeddable":true,"href":"https:\/\/www.lusqtoff.com.ar\/truper\/wp-json\/wp\/v2\/comments?post=1892"}],"wp:featuredmedia":[{"embeddable":true,"href":"https:\/\/www.lusqtoff.com.ar\/truper\/wp-json\/wp\/v2\/media\/5765"}],"wp:attachment":[{"href":"https:\/\/www.lusqtoff.com.ar\/truper\/wp-json\/wp\/v2\/media?parent=1892"}],"wp:term":[{"taxonomy":"product_brand","embeddable":true,"href":"https:\/\/www.lusqtoff.com.ar\/truper\/wp-json\/wp\/v2\/product_brand?post=1892"},{"taxonomy":"product_cat","embeddable":true,"href":"https:\/\/www.lusqtoff.com.ar\/truper\/wp-json\/wp\/v2\/product_cat?post=1892"},{"taxonomy":"product_tag","embeddable":true,"href":"https:\/\/www.lusqtoff.com.ar\/truper\/wp-json\/wp\/v2\/product_tag?post=1892"}],"curies":[{"name":"wp","href":"https:\/\/api.w.org\/{rel}","templated":true}]}}