{"id":1914,"date":"2024-04-23T16:58:48","date_gmt":"2024-04-23T14:58:48","guid":{"rendered":"https:\/\/truper.cepidesigns.com.ar\/producto\/tijera-para-sastre-industrial-largo-25-cm-10\/"},"modified":"2024-09-03T20:24:45","modified_gmt":"2024-09-03T18:24:45","slug":"tijera-para-sastre-industrial-largo-25-cm-10","status":"publish","type":"product","link":"https:\/\/www.lusqtoff.com.ar\/truper\/producto\/tijera-para-sastre-industrial-largo-25-cm-10\/","title":{"rendered":"TIJERA PARA SASTRE INDUSTRIAL &#8211; LARGO 25 CM (10&#8243;)"},"content":{"rendered":"<p>Hojas rectas sobrepuestas con tuerca de seguridad, templadas y rectificadas para mayor duraci\u00f3n de los filos, acabado niquelado resistente a la corrosi\u00f3n, mangos ergon\u00f3micos con dedales de distintos tama\u00f1os para un mejor agarre y un corte m\u00e1s eficiente, para uso textil o en poller\u00edas<\/p>\n","protected":false},"excerpt":{"rendered":"<p>Largo:  10&#8243; (25 cm)<br \/>\nLargo de cuchilla: 4 3\/4&#8243; (12 cm)<\/p>\n","protected":false},"featured_media":5621,"comment_status":"open","ping_status":"closed","template":"","meta":{"_acf_changed":false},"product_brand":[],"product_cat":[95,106],"product_tag":[],"class_list":{"0":"post-1914","1":"product","2":"type-product","3":"status-publish","4":"has-post-thumbnail","6":"product_cat-corte","7":"product_cat-tijeras","9":"first","10":"instock","11":"shipping-taxable","12":"purchasable","13":"product-type-simple"},"acf":[],"_links":{"self":[{"href":"https:\/\/www.lusqtoff.com.ar\/truper\/wp-json\/wp\/v2\/product\/1914","targetHints":{"allow":["GET"]}}],"collection":[{"href":"https:\/\/www.lusqtoff.com.ar\/truper\/wp-json\/wp\/v2\/product"}],"about":[{"href":"https:\/\/www.lusqtoff.com.ar\/truper\/wp-json\/wp\/v2\/types\/product"}],"replies":[{"embeddable":true,"href":"https:\/\/www.lusqtoff.com.ar\/truper\/wp-json\/wp\/v2\/comments?post=1914"}],"wp:featuredmedia":[{"embeddable":true,"href":"https:\/\/www.lusqtoff.com.ar\/truper\/wp-json\/wp\/v2\/media\/5621"}],"wp:attachment":[{"href":"https:\/\/www.lusqtoff.com.ar\/truper\/wp-json\/wp\/v2\/media?parent=1914"}],"wp:term":[{"taxonomy":"product_brand","embeddable":true,"href":"https:\/\/www.lusqtoff.com.ar\/truper\/wp-json\/wp\/v2\/product_brand?post=1914"},{"taxonomy":"product_cat","embeddable":true,"href":"https:\/\/www.lusqtoff.com.ar\/truper\/wp-json\/wp\/v2\/product_cat?post=1914"},{"taxonomy":"product_tag","embeddable":true,"href":"https:\/\/www.lusqtoff.com.ar\/truper\/wp-json\/wp\/v2\/product_tag?post=1914"}],"curies":[{"name":"wp","href":"https:\/\/api.w.org\/{rel}","templated":true}]}}