{"id":1921,"date":"2024-04-23T16:58:49","date_gmt":"2024-04-23T14:58:49","guid":{"rendered":"https:\/\/truper.cepidesigns.com.ar\/producto\/calibre-digital-de-acero-inox-apertura-max-150-mm-6\/"},"modified":"2024-09-03T20:24:46","modified_gmt":"2024-09-03T18:24:46","slug":"calibre-digital-de-acero-inox-apertura-max-150-mm-6","status":"publish","type":"product","link":"https:\/\/www.lusqtoff.com.ar\/truper\/producto\/calibre-digital-de-acero-inox-apertura-max-150-mm-6\/","title":{"rendered":"CALIBRE DIGITAL DE ACERO INOX &#8211; APERTURA MAX 150 MM (6&#8243;)"},"content":{"rendered":"<p>Cuerpo de acero inoxidable, protecci\u00f3n contra polvo y salpicaduras de agua, pantalla de display m\u00e1s grande y lectura en mil\u00edmetros, pulgas y fracci\u00f3n de pulgada, emplea 1 pila CR2032, para medir di\u00e1metros externos, internos y profundidades<\/p>\n","protected":false},"excerpt":{"rendered":"<p>Vernier: Digital<br \/>\nTolerancia: 0.002&#8243; \/ 0.05 mm<br \/>\nCapacidad m\u00ednima \/ m\u00e1xima: (0.0005&#8243; \/ 0.01 mm) \/ (6&#8243; \/ 150 mm)<br \/>\nDimensiones: (largo x ancho)\t23.7 x 1.6 cm<\/p>\n","protected":false},"featured_media":6264,"comment_status":"open","ping_status":"closed","template":"","meta":{"_acf_changed":false},"product_brand":[],"product_cat":[108,107],"product_tag":[],"class_list":{"0":"post-1921","1":"product","2":"type-product","3":"status-publish","4":"has-post-thumbnail","6":"product_cat-calibres","7":"product_cat-medicion-y-marcacion","9":"first","10":"instock","11":"shipping-taxable","12":"purchasable","13":"product-type-simple"},"acf":[],"_links":{"self":[{"href":"https:\/\/www.lusqtoff.com.ar\/truper\/wp-json\/wp\/v2\/product\/1921","targetHints":{"allow":["GET"]}}],"collection":[{"href":"https:\/\/www.lusqtoff.com.ar\/truper\/wp-json\/wp\/v2\/product"}],"about":[{"href":"https:\/\/www.lusqtoff.com.ar\/truper\/wp-json\/wp\/v2\/types\/product"}],"replies":[{"embeddable":true,"href":"https:\/\/www.lusqtoff.com.ar\/truper\/wp-json\/wp\/v2\/comments?post=1921"}],"wp:featuredmedia":[{"embeddable":true,"href":"https:\/\/www.lusqtoff.com.ar\/truper\/wp-json\/wp\/v2\/media\/6264"}],"wp:attachment":[{"href":"https:\/\/www.lusqtoff.com.ar\/truper\/wp-json\/wp\/v2\/media?parent=1921"}],"wp:term":[{"taxonomy":"product_brand","embeddable":true,"href":"https:\/\/www.lusqtoff.com.ar\/truper\/wp-json\/wp\/v2\/product_brand?post=1921"},{"taxonomy":"product_cat","embeddable":true,"href":"https:\/\/www.lusqtoff.com.ar\/truper\/wp-json\/wp\/v2\/product_cat?post=1921"},{"taxonomy":"product_tag","embeddable":true,"href":"https:\/\/www.lusqtoff.com.ar\/truper\/wp-json\/wp\/v2\/product_tag?post=1921"}],"curies":[{"name":"wp","href":"https:\/\/api.w.org\/{rel}","templated":true}]}}