{"id":1955,"date":"2024-04-23T16:58:53","date_gmt":"2024-04-23T14:58:53","guid":{"rendered":"https:\/\/truper.cepidesigns.com.ar\/producto\/escuadra-mgo-aluminio-250mm\/"},"modified":"2024-09-03T20:24:54","modified_gmt":"2024-09-03T18:24:54","slug":"escuadra-mgo-aluminio-250mm","status":"publish","type":"product","link":"https:\/\/www.lusqtoff.com.ar\/truper\/producto\/escuadra-mgo-aluminio-250mm\/","title":{"rendered":"ESCUADRA MGO ALUMINIO 250MM"},"content":{"rendered":"<p>Regla en acero inoxidable y mango 100% aluminio, graduaci\u00f3n por ambos lados (sistema m\u00e9trico y standard) en bajo relieve con tinta negra para mejor visibilidad, graduaci\u00f3n inversa a partir del borde del mango<\/p>\n","protected":false},"excerpt":{"rendered":"<p>Largo: 10&#8243; (25 cm)<\/p>\n","protected":false},"featured_media":6236,"comment_status":"open","ping_status":"closed","template":"","meta":{"_acf_changed":false},"product_brand":[],"product_cat":[112,107],"product_tag":[],"class_list":{"0":"post-1955","1":"product","2":"type-product","3":"status-publish","4":"has-post-thumbnail","6":"product_cat-escuadras","7":"product_cat-medicion-y-marcacion","9":"first","10":"instock","11":"shipping-taxable","12":"purchasable","13":"product-type-simple"},"acf":[],"_links":{"self":[{"href":"https:\/\/www.lusqtoff.com.ar\/truper\/wp-json\/wp\/v2\/product\/1955","targetHints":{"allow":["GET"]}}],"collection":[{"href":"https:\/\/www.lusqtoff.com.ar\/truper\/wp-json\/wp\/v2\/product"}],"about":[{"href":"https:\/\/www.lusqtoff.com.ar\/truper\/wp-json\/wp\/v2\/types\/product"}],"replies":[{"embeddable":true,"href":"https:\/\/www.lusqtoff.com.ar\/truper\/wp-json\/wp\/v2\/comments?post=1955"}],"wp:featuredmedia":[{"embeddable":true,"href":"https:\/\/www.lusqtoff.com.ar\/truper\/wp-json\/wp\/v2\/media\/6236"}],"wp:attachment":[{"href":"https:\/\/www.lusqtoff.com.ar\/truper\/wp-json\/wp\/v2\/media?parent=1955"}],"wp:term":[{"taxonomy":"product_brand","embeddable":true,"href":"https:\/\/www.lusqtoff.com.ar\/truper\/wp-json\/wp\/v2\/product_brand?post=1955"},{"taxonomy":"product_cat","embeddable":true,"href":"https:\/\/www.lusqtoff.com.ar\/truper\/wp-json\/wp\/v2\/product_cat?post=1955"},{"taxonomy":"product_tag","embeddable":true,"href":"https:\/\/www.lusqtoff.com.ar\/truper\/wp-json\/wp\/v2\/product_tag?post=1955"}],"curies":[{"name":"wp","href":"https:\/\/api.w.org\/{rel}","templated":true}]}}