{"id":2011,"date":"2024-04-23T16:59:00","date_gmt":"2024-04-23T14:59:00","guid":{"rendered":"https:\/\/truper.cepidesigns.com.ar\/producto\/martillo-punta-pico-y-plano-forjado-560-grs-mango-confort-grip\/"},"modified":"2024-09-03T20:25:17","modified_gmt":"2024-09-03T18:25:17","slug":"martillo-punta-pico-y-plano-forjado-560-grs-mango-confort-grip","status":"publish","type":"product","link":"https:\/\/www.lusqtoff.com.ar\/truper\/producto\/martillo-punta-pico-y-plano-forjado-560-grs-mango-confort-grip\/","title":{"rendered":"MARTILLO PUNTA PICO Y PLANO FORJADO 560 GRS &#8211; MANGO CONFORT GRIP"},"content":{"rendered":"<p>Cabeza de acero forjada en una sola pieza en acero al carbono, mango con TPR que reduce las vibraciones del golpe, dise\u00f1o con un extremo de pico para superficies duras y otro extremo talacho para usar como azada en suelos dif\u00edciles, afilado en punta y escoplo, ideal para excavaciones minuciosas, jardiner\u00eda, deshierbe y siembra<\/p>\n","protected":false},"excerpt":{"rendered":"<p>Cabeza: 1.3 lb (20 oz)<br \/>\nEscoplo: 1 1\/2&#8243; (40 mm)<br \/>\nLargo total: 14&#8243; (36 cm)<\/p>\n","protected":false},"featured_media":5660,"comment_status":"open","ping_status":"closed","template":"","meta":{"_acf_changed":false},"product_brand":[],"product_cat":[119,120],"product_tag":[],"class_list":{"0":"post-2011","1":"product","2":"type-product","3":"status-publish","4":"has-post-thumbnail","6":"product_cat-htas-de-golpe","7":"product_cat-martillos","9":"first","10":"instock","11":"shipping-taxable","12":"purchasable","13":"product-type-simple"},"acf":[],"_links":{"self":[{"href":"https:\/\/www.lusqtoff.com.ar\/truper\/wp-json\/wp\/v2\/product\/2011","targetHints":{"allow":["GET"]}}],"collection":[{"href":"https:\/\/www.lusqtoff.com.ar\/truper\/wp-json\/wp\/v2\/product"}],"about":[{"href":"https:\/\/www.lusqtoff.com.ar\/truper\/wp-json\/wp\/v2\/types\/product"}],"replies":[{"embeddable":true,"href":"https:\/\/www.lusqtoff.com.ar\/truper\/wp-json\/wp\/v2\/comments?post=2011"}],"wp:featuredmedia":[{"embeddable":true,"href":"https:\/\/www.lusqtoff.com.ar\/truper\/wp-json\/wp\/v2\/media\/5660"}],"wp:attachment":[{"href":"https:\/\/www.lusqtoff.com.ar\/truper\/wp-json\/wp\/v2\/media?parent=2011"}],"wp:term":[{"taxonomy":"product_brand","embeddable":true,"href":"https:\/\/www.lusqtoff.com.ar\/truper\/wp-json\/wp\/v2\/product_brand?post=2011"},{"taxonomy":"product_cat","embeddable":true,"href":"https:\/\/www.lusqtoff.com.ar\/truper\/wp-json\/wp\/v2\/product_cat?post=2011"},{"taxonomy":"product_tag","embeddable":true,"href":"https:\/\/www.lusqtoff.com.ar\/truper\/wp-json\/wp\/v2\/product_tag?post=2011"}],"curies":[{"name":"wp","href":"https:\/\/api.w.org\/{rel}","templated":true}]}}