{"id":2048,"date":"2024-04-23T16:59:04","date_gmt":"2024-04-23T14:59:04","guid":{"rendered":"https:\/\/truper.cepidesigns.com.ar\/producto\/barretas-de-una-60-cm-perfil-hexagonal\/"},"modified":"2024-09-03T20:25:26","modified_gmt":"2024-09-03T18:25:26","slug":"barretas-de-una-60-cm-perfil-hexagonal","status":"publish","type":"product","link":"https:\/\/www.lusqtoff.com.ar\/truper\/producto\/barretas-de-una-60-cm-perfil-hexagonal\/","title":{"rendered":"BARRETAS DE U\u00d1A 60 CM PERFIL HEXAGONAL"},"content":{"rendered":"<p>Fabricada en acero con doble tratamiento t\u00e9rmico para mayor resistencia y durabilidad, u\u00f1as y escoplo pulidos, ideal para sacar clavos y desarmar cimbras<\/p>\n","protected":false},"excerpt":{"rendered":"<p>Largo: 60 cm (24&#8243;)<br \/>\nPeso: 1.7 kg (3.7 lb)<\/p>\n","protected":false},"featured_media":5843,"comment_status":"open","ping_status":"closed","template":"","meta":{"_acf_changed":false},"product_brand":[],"product_cat":[130,128],"product_tag":[],"class_list":{"0":"post-2048","1":"product","2":"type-product","3":"status-publish","4":"has-post-thumbnail","6":"product_cat-barretas","7":"product_cat-construccion-2","9":"first","10":"instock","11":"shipping-taxable","12":"purchasable","13":"product-type-simple"},"acf":[],"_links":{"self":[{"href":"https:\/\/www.lusqtoff.com.ar\/truper\/wp-json\/wp\/v2\/product\/2048","targetHints":{"allow":["GET"]}}],"collection":[{"href":"https:\/\/www.lusqtoff.com.ar\/truper\/wp-json\/wp\/v2\/product"}],"about":[{"href":"https:\/\/www.lusqtoff.com.ar\/truper\/wp-json\/wp\/v2\/types\/product"}],"replies":[{"embeddable":true,"href":"https:\/\/www.lusqtoff.com.ar\/truper\/wp-json\/wp\/v2\/comments?post=2048"}],"wp:featuredmedia":[{"embeddable":true,"href":"https:\/\/www.lusqtoff.com.ar\/truper\/wp-json\/wp\/v2\/media\/5843"}],"wp:attachment":[{"href":"https:\/\/www.lusqtoff.com.ar\/truper\/wp-json\/wp\/v2\/media?parent=2048"}],"wp:term":[{"taxonomy":"product_brand","embeddable":true,"href":"https:\/\/www.lusqtoff.com.ar\/truper\/wp-json\/wp\/v2\/product_brand?post=2048"},{"taxonomy":"product_cat","embeddable":true,"href":"https:\/\/www.lusqtoff.com.ar\/truper\/wp-json\/wp\/v2\/product_cat?post=2048"},{"taxonomy":"product_tag","embeddable":true,"href":"https:\/\/www.lusqtoff.com.ar\/truper\/wp-json\/wp\/v2\/product_tag?post=2048"}],"curies":[{"name":"wp","href":"https:\/\/api.w.org\/{rel}","templated":true}]}}