{"id":2080,"date":"2024-04-23T16:59:08","date_gmt":"2024-04-23T14:59:08","guid":{"rendered":"https:\/\/truper.cepidesigns.com.ar\/producto\/espatula-flexible-inox-confort-grip-6-usos\/"},"modified":"2024-09-03T20:25:32","modified_gmt":"2024-09-03T18:25:32","slug":"espatula-flexible-inox-confort-grip-6-usos","status":"publish","type":"product","link":"https:\/\/www.lusqtoff.com.ar\/truper\/producto\/espatula-flexible-inox-confort-grip-6-usos\/","title":{"rendered":"ESP\u00c1TULA FLEXIBLE INOX. CONFORT GRIP 6 USOS"},"content":{"rendered":"<p>Hoja de acero inoxidable para m\u00e1xima resistencia a la corrosi\u00f3n, mango Comfort Grip de doble inyecci\u00f3n con orificio para colgar, casquillo met\u00e1lico para golpear clavos<\/p>\n","protected":false},"excerpt":{"rendered":"<p>Ancho: 2 1\/2&#8243; (6.5 cm)<br \/>\nEspesor: 1.52 mm (calibre 16)<\/p>\n","protected":false},"featured_media":5301,"comment_status":"open","ping_status":"closed","template":"","meta":{"_acf_changed":false},"product_brand":[],"product_cat":[128,136],"product_tag":[],"class_list":{"0":"post-2080","1":"product","2":"type-product","3":"status-publish","4":"has-post-thumbnail","6":"product_cat-construccion-2","7":"product_cat-espatulas","9":"first","10":"instock","11":"shipping-taxable","12":"purchasable","13":"product-type-simple"},"acf":[],"_links":{"self":[{"href":"https:\/\/www.lusqtoff.com.ar\/truper\/wp-json\/wp\/v2\/product\/2080","targetHints":{"allow":["GET"]}}],"collection":[{"href":"https:\/\/www.lusqtoff.com.ar\/truper\/wp-json\/wp\/v2\/product"}],"about":[{"href":"https:\/\/www.lusqtoff.com.ar\/truper\/wp-json\/wp\/v2\/types\/product"}],"replies":[{"embeddable":true,"href":"https:\/\/www.lusqtoff.com.ar\/truper\/wp-json\/wp\/v2\/comments?post=2080"}],"wp:featuredmedia":[{"embeddable":true,"href":"https:\/\/www.lusqtoff.com.ar\/truper\/wp-json\/wp\/v2\/media\/5301"}],"wp:attachment":[{"href":"https:\/\/www.lusqtoff.com.ar\/truper\/wp-json\/wp\/v2\/media?parent=2080"}],"wp:term":[{"taxonomy":"product_brand","embeddable":true,"href":"https:\/\/www.lusqtoff.com.ar\/truper\/wp-json\/wp\/v2\/product_brand?post=2080"},{"taxonomy":"product_cat","embeddable":true,"href":"https:\/\/www.lusqtoff.com.ar\/truper\/wp-json\/wp\/v2\/product_cat?post=2080"},{"taxonomy":"product_tag","embeddable":true,"href":"https:\/\/www.lusqtoff.com.ar\/truper\/wp-json\/wp\/v2\/product_tag?post=2080"}],"curies":[{"name":"wp","href":"https:\/\/api.w.org\/{rel}","templated":true}]}}