{"id":2126,"date":"2024-04-23T16:59:15","date_gmt":"2024-04-23T14:59:15","guid":{"rendered":"https:\/\/truper.cepidesigns.com.ar\/producto\/lima-redonda-bastarda-15-cm-6-c-mgo\/"},"modified":"2024-09-03T20:25:44","modified_gmt":"2024-09-03T18:25:44","slug":"lima-redonda-bastarda-15-cm-6-c-mgo","status":"publish","type":"product","link":"https:\/\/www.lusqtoff.com.ar\/truper\/producto\/lima-redonda-bastarda-15-cm-6-c-mgo\/","title":{"rendered":"LIMA REDONDA BASTARDA 15 CM (6&#8243;) C\/MGO"},"content":{"rendered":"<p>Las limas bastardas tienen dientes grandes que sirven para dar un mayor desbaste. Para uso en m\u00e1s de 0.5 mm de espesor, para dar formas a orificios o curvas, picado doble para desbaste r\u00e1pido, superficies c\u00f3ncavas de poco radio y agujeros<\/p>\n","protected":false},"excerpt":{"rendered":"<p>Largo: 6&#8243; (15 cm)<br \/>\nEspesor: \t1\/4&#8243;<\/p>\n","protected":false},"featured_media":7446,"comment_status":"open","ping_status":"closed","template":"","meta":{"_acf_changed":false},"product_brand":[],"product_cat":[143,147],"product_tag":[],"class_list":{"0":"post-2126","1":"product","2":"type-product","3":"status-publish","4":"has-post-thumbnail","6":"product_cat-limas","7":"product_cat-redonda","9":"first","10":"instock","11":"shipping-taxable","12":"purchasable","13":"product-type-simple"},"acf":[],"_links":{"self":[{"href":"https:\/\/www.lusqtoff.com.ar\/truper\/wp-json\/wp\/v2\/product\/2126","targetHints":{"allow":["GET"]}}],"collection":[{"href":"https:\/\/www.lusqtoff.com.ar\/truper\/wp-json\/wp\/v2\/product"}],"about":[{"href":"https:\/\/www.lusqtoff.com.ar\/truper\/wp-json\/wp\/v2\/types\/product"}],"replies":[{"embeddable":true,"href":"https:\/\/www.lusqtoff.com.ar\/truper\/wp-json\/wp\/v2\/comments?post=2126"}],"wp:featuredmedia":[{"embeddable":true,"href":"https:\/\/www.lusqtoff.com.ar\/truper\/wp-json\/wp\/v2\/media\/7446"}],"wp:attachment":[{"href":"https:\/\/www.lusqtoff.com.ar\/truper\/wp-json\/wp\/v2\/media?parent=2126"}],"wp:term":[{"taxonomy":"product_brand","embeddable":true,"href":"https:\/\/www.lusqtoff.com.ar\/truper\/wp-json\/wp\/v2\/product_brand?post=2126"},{"taxonomy":"product_cat","embeddable":true,"href":"https:\/\/www.lusqtoff.com.ar\/truper\/wp-json\/wp\/v2\/product_cat?post=2126"},{"taxonomy":"product_tag","embeddable":true,"href":"https:\/\/www.lusqtoff.com.ar\/truper\/wp-json\/wp\/v2\/product_tag?post=2126"}],"curies":[{"name":"wp","href":"https:\/\/api.w.org\/{rel}","templated":true}]}}