{"id":2139,"date":"2024-04-23T16:59:16","date_gmt":"2024-04-23T14:59:16","guid":{"rendered":"https:\/\/truper.cepidesigns.com.ar\/producto\/caja-p-herramientas-48-cm-19-modelo-ancho-comp-superior\/"},"modified":"2024-09-03T20:25:47","modified_gmt":"2024-09-03T18:25:47","slug":"caja-p-herramientas-48-cm-19-modelo-ancho-comp-superior","status":"publish","type":"product","link":"https:\/\/www.lusqtoff.com.ar\/truper\/producto\/caja-p-herramientas-48-cm-19-modelo-ancho-comp-superior\/","title":{"rendered":"CAJA P\/ HERRAMIENTAS 48 CM (19&#8243;) MODELO ANCHO COMP. SUPERIOR"},"content":{"rendered":"<p>Fabricada en polipropileno<br \/>\nBroche pl\u00e1stico, compartimentos laterales en la tapa para almacenar piezas peque\u00f1as sin necesidad de abrir la caja, modelo ancho para mayor capacidad, manija con dise\u00f1o ergon\u00f3mico para transportar c\u00f3modamente<\/p>\n","protected":false},"excerpt":{"rendered":"<p>Base: 19&#8243; (48 cm)<br \/>\nFondo: 10 1\/2&#8243; (27 cm)<br \/>\nAlto: 10&#8243; (25 cm)<br \/>\nPeso: 1.9 kg<\/p>\n","protected":false},"featured_media":7289,"comment_status":"open","ping_status":"closed","template":"","meta":{"_acf_changed":false},"product_brand":[],"product_cat":[151,149],"product_tag":[],"class_list":{"0":"post-2139","1":"product","2":"type-product","3":"status-publish","4":"has-post-thumbnail","6":"product_cat-cajas","7":"product_cat-organizadores","9":"first","10":"instock","11":"shipping-taxable","12":"purchasable","13":"product-type-simple"},"acf":[],"_links":{"self":[{"href":"https:\/\/www.lusqtoff.com.ar\/truper\/wp-json\/wp\/v2\/product\/2139","targetHints":{"allow":["GET"]}}],"collection":[{"href":"https:\/\/www.lusqtoff.com.ar\/truper\/wp-json\/wp\/v2\/product"}],"about":[{"href":"https:\/\/www.lusqtoff.com.ar\/truper\/wp-json\/wp\/v2\/types\/product"}],"replies":[{"embeddable":true,"href":"https:\/\/www.lusqtoff.com.ar\/truper\/wp-json\/wp\/v2\/comments?post=2139"}],"wp:featuredmedia":[{"embeddable":true,"href":"https:\/\/www.lusqtoff.com.ar\/truper\/wp-json\/wp\/v2\/media\/7289"}],"wp:attachment":[{"href":"https:\/\/www.lusqtoff.com.ar\/truper\/wp-json\/wp\/v2\/media?parent=2139"}],"wp:term":[{"taxonomy":"product_brand","embeddable":true,"href":"https:\/\/www.lusqtoff.com.ar\/truper\/wp-json\/wp\/v2\/product_brand?post=2139"},{"taxonomy":"product_cat","embeddable":true,"href":"https:\/\/www.lusqtoff.com.ar\/truper\/wp-json\/wp\/v2\/product_cat?post=2139"},{"taxonomy":"product_tag","embeddable":true,"href":"https:\/\/www.lusqtoff.com.ar\/truper\/wp-json\/wp\/v2\/product_tag?post=2139"}],"curies":[{"name":"wp","href":"https:\/\/api.w.org\/{rel}","templated":true}]}}