{"id":2146,"date":"2024-04-23T16:59:17","date_gmt":"2024-04-23T14:59:17","guid":{"rendered":"https:\/\/truper.cepidesigns.com.ar\/producto\/caja-p-herramientas-50-cm-20-broches-metalicos\/"},"modified":"2024-09-03T20:25:49","modified_gmt":"2024-09-03T18:25:49","slug":"caja-p-herramientas-50-cm-20-broches-metalicos","status":"publish","type":"product","link":"https:\/\/www.lusqtoff.com.ar\/truper\/producto\/caja-p-herramientas-50-cm-20-broches-metalicos\/","title":{"rendered":"CAJA P\/HERRAMIENTAS 50 CM (20&#8243;) BROCHES METALICOS"},"content":{"rendered":"<p>Fabricada en polipropileno, broches met\u00e1licos con orificio para candado, que brinda mayor seguridad al contenido de la caja, manija con dise\u00f1o ergon\u00f3mico para transportar c\u00f3modamente, calidad industrial<\/p>\n","protected":false},"excerpt":{"rendered":"<p>Base: 20&#8243; (50 cm)<br \/>\nFondo: 10 1\/2&#8243; (27 cm)<br \/>\nAlto: 9&#8243; (23 cm)<br \/>\nPeso: 2.2 kg<\/p>\n","protected":false},"featured_media":7257,"comment_status":"open","ping_status":"closed","template":"","meta":{"_acf_changed":false},"product_brand":[],"product_cat":[151,149],"product_tag":[],"class_list":{"0":"post-2146","1":"product","2":"type-product","3":"status-publish","4":"has-post-thumbnail","6":"product_cat-cajas","7":"product_cat-organizadores","9":"first","10":"instock","11":"shipping-taxable","12":"purchasable","13":"product-type-simple"},"acf":[],"_links":{"self":[{"href":"https:\/\/www.lusqtoff.com.ar\/truper\/wp-json\/wp\/v2\/product\/2146","targetHints":{"allow":["GET"]}}],"collection":[{"href":"https:\/\/www.lusqtoff.com.ar\/truper\/wp-json\/wp\/v2\/product"}],"about":[{"href":"https:\/\/www.lusqtoff.com.ar\/truper\/wp-json\/wp\/v2\/types\/product"}],"replies":[{"embeddable":true,"href":"https:\/\/www.lusqtoff.com.ar\/truper\/wp-json\/wp\/v2\/comments?post=2146"}],"wp:featuredmedia":[{"embeddable":true,"href":"https:\/\/www.lusqtoff.com.ar\/truper\/wp-json\/wp\/v2\/media\/7257"}],"wp:attachment":[{"href":"https:\/\/www.lusqtoff.com.ar\/truper\/wp-json\/wp\/v2\/media?parent=2146"}],"wp:term":[{"taxonomy":"product_brand","embeddable":true,"href":"https:\/\/www.lusqtoff.com.ar\/truper\/wp-json\/wp\/v2\/product_brand?post=2146"},{"taxonomy":"product_cat","embeddable":true,"href":"https:\/\/www.lusqtoff.com.ar\/truper\/wp-json\/wp\/v2\/product_cat?post=2146"},{"taxonomy":"product_tag","embeddable":true,"href":"https:\/\/www.lusqtoff.com.ar\/truper\/wp-json\/wp\/v2\/product_tag?post=2146"}],"curies":[{"name":"wp","href":"https:\/\/api.w.org\/{rel}","templated":true}]}}