{"id":2151,"date":"2024-04-23T16:59:18","date_gmt":"2024-04-23T14:59:18","guid":{"rendered":"https:\/\/truper.cepidesigns.com.ar\/producto\/caja-plastica-largo-33-cm-13\/"},"modified":"2024-09-03T20:25:51","modified_gmt":"2024-09-03T18:25:51","slug":"caja-plastica-largo-33-cm-13","status":"publish","type":"product","link":"https:\/\/www.lusqtoff.com.ar\/truper\/producto\/caja-plastica-largo-33-cm-13\/","title":{"rendered":"CAJA PLASTICA LARGO 33 CM (13&#8243;)"},"content":{"rendered":"<p>Fabricada en polipropileno, broche pl\u00e1stico, manija con dise\u00f1o ergon\u00f3mico para transportar c\u00f3modamente<\/p>\n","protected":false},"excerpt":{"rendered":"<p>Base: 13&#8243; (33 cm)<br \/>\nFondo: 7&#8243; (18 cm)<br \/>\nAlto: 5&#8243; (13 cm)<br \/>\nPeso: 0.4 kg<\/p>\n","protected":false},"featured_media":7437,"comment_status":"open","ping_status":"closed","template":"","meta":{"_acf_changed":false},"product_brand":[],"product_cat":[151,149],"product_tag":[],"class_list":{"0":"post-2151","1":"product","2":"type-product","3":"status-publish","4":"has-post-thumbnail","6":"product_cat-cajas","7":"product_cat-organizadores","9":"first","10":"instock","11":"shipping-taxable","12":"purchasable","13":"product-type-simple"},"acf":[],"_links":{"self":[{"href":"https:\/\/www.lusqtoff.com.ar\/truper\/wp-json\/wp\/v2\/product\/2151","targetHints":{"allow":["GET"]}}],"collection":[{"href":"https:\/\/www.lusqtoff.com.ar\/truper\/wp-json\/wp\/v2\/product"}],"about":[{"href":"https:\/\/www.lusqtoff.com.ar\/truper\/wp-json\/wp\/v2\/types\/product"}],"replies":[{"embeddable":true,"href":"https:\/\/www.lusqtoff.com.ar\/truper\/wp-json\/wp\/v2\/comments?post=2151"}],"wp:featuredmedia":[{"embeddable":true,"href":"https:\/\/www.lusqtoff.com.ar\/truper\/wp-json\/wp\/v2\/media\/7437"}],"wp:attachment":[{"href":"https:\/\/www.lusqtoff.com.ar\/truper\/wp-json\/wp\/v2\/media?parent=2151"}],"wp:term":[{"taxonomy":"product_brand","embeddable":true,"href":"https:\/\/www.lusqtoff.com.ar\/truper\/wp-json\/wp\/v2\/product_brand?post=2151"},{"taxonomy":"product_cat","embeddable":true,"href":"https:\/\/www.lusqtoff.com.ar\/truper\/wp-json\/wp\/v2\/product_cat?post=2151"},{"taxonomy":"product_tag","embeddable":true,"href":"https:\/\/www.lusqtoff.com.ar\/truper\/wp-json\/wp\/v2\/product_tag?post=2151"}],"curies":[{"name":"wp","href":"https:\/\/api.w.org\/{rel}","templated":true}]}}