{"id":2244,"date":"2024-04-23T16:59:29","date_gmt":"2024-04-23T14:59:29","guid":{"rendered":"https:\/\/truper.cepidesigns.com.ar\/producto\/cepillo-para-limpiar-bornes-de-bateria\/"},"modified":"2024-09-03T20:26:28","modified_gmt":"2024-09-03T18:26:28","slug":"cepillo-para-limpiar-bornes-de-bateria","status":"publish","type":"product","link":"https:\/\/www.lusqtoff.com.ar\/truper\/producto\/cepillo-para-limpiar-bornes-de-bateria\/","title":{"rendered":"CEPILLO PARA LIMPIAR BORNES DE BATERIA"},"content":{"rendered":"<p>Cerdas de acero, cuerpo de polipropileno, limpia el interior y exterior de tuber\u00edas, as\u00ed como terminales y postes de bater\u00edas, util en la limpieza de accesorios para soldadura<\/p>\n","protected":false},"excerpt":{"rendered":"<p>Cepillos internos: 1\/2&#8243; | 3\/4&#8243;<br \/>\nLargo de cepillos: 25 mm<br \/>\nLargo total: 20 cm<\/p>\n","protected":false},"featured_media":6886,"comment_status":"open","ping_status":"closed","template":"","meta":{"_acf_changed":false},"product_brand":[],"product_cat":[156,174],"product_tag":[],"class_list":{"0":"post-2244","1":"product","2":"type-product","3":"status-publish","4":"has-post-thumbnail","6":"product_cat-automotor","7":"product_cat-varios-automotor","9":"first","10":"instock","11":"shipping-taxable","12":"purchasable","13":"product-type-simple"},"acf":[],"_links":{"self":[{"href":"https:\/\/www.lusqtoff.com.ar\/truper\/wp-json\/wp\/v2\/product\/2244","targetHints":{"allow":["GET"]}}],"collection":[{"href":"https:\/\/www.lusqtoff.com.ar\/truper\/wp-json\/wp\/v2\/product"}],"about":[{"href":"https:\/\/www.lusqtoff.com.ar\/truper\/wp-json\/wp\/v2\/types\/product"}],"replies":[{"embeddable":true,"href":"https:\/\/www.lusqtoff.com.ar\/truper\/wp-json\/wp\/v2\/comments?post=2244"}],"wp:featuredmedia":[{"embeddable":true,"href":"https:\/\/www.lusqtoff.com.ar\/truper\/wp-json\/wp\/v2\/media\/6886"}],"wp:attachment":[{"href":"https:\/\/www.lusqtoff.com.ar\/truper\/wp-json\/wp\/v2\/media?parent=2244"}],"wp:term":[{"taxonomy":"product_brand","embeddable":true,"href":"https:\/\/www.lusqtoff.com.ar\/truper\/wp-json\/wp\/v2\/product_brand?post=2244"},{"taxonomy":"product_cat","embeddable":true,"href":"https:\/\/www.lusqtoff.com.ar\/truper\/wp-json\/wp\/v2\/product_cat?post=2244"},{"taxonomy":"product_tag","embeddable":true,"href":"https:\/\/www.lusqtoff.com.ar\/truper\/wp-json\/wp\/v2\/product_tag?post=2244"}],"curies":[{"name":"wp","href":"https:\/\/api.w.org\/{rel}","templated":true}]}}