{"id":2267,"date":"2024-04-23T16:59:32","date_gmt":"2024-04-23T14:59:32","guid":{"rendered":"https:\/\/truper.cepidesigns.com.ar\/producto\/pala-plegable-45-cm-18\/"},"modified":"2024-09-03T20:26:33","modified_gmt":"2024-09-03T18:26:33","slug":"pala-plegable-45-cm-18","status":"publish","type":"product","link":"https:\/\/www.lusqtoff.com.ar\/truper\/producto\/pala-plegable-45-cm-18\/","title":{"rendered":"PALA PLEGABLE 45 CM (18&#8243;)"},"content":{"rendered":"<p>Fabricada en acero, multifuncional pala, pico, azad\u00f3n y sierra, compacta y ligera, funda de poli\u00e9ster y PVC, para f\u00e1cil transportaci\u00f3n, ideal para actividades al exterior<\/p>\n","protected":false},"excerpt":{"rendered":"<p>Ancho de la cabeza: 4 1\/2&#8243; (11.4 cm)<br \/>\nLargo plegada: 7 1\/2&#8243; (19 cm)<br \/>\nLargo total: 18&#8243; (46 cm)<br \/>\nPeso: 700 g<\/p>\n","protected":false},"featured_media":6793,"comment_status":"open","ping_status":"closed","template":"","meta":{"_acf_changed":false},"product_brand":[],"product_cat":[179,180],"product_tag":[],"class_list":{"0":"post-2267","1":"product","2":"type-product","3":"status-publish","4":"has-post-thumbnail","6":"product_cat-palas","7":"product_cat-plegable","9":"first","10":"instock","11":"shipping-taxable","12":"purchasable","13":"product-type-simple"},"acf":[],"_links":{"self":[{"href":"https:\/\/www.lusqtoff.com.ar\/truper\/wp-json\/wp\/v2\/product\/2267","targetHints":{"allow":["GET"]}}],"collection":[{"href":"https:\/\/www.lusqtoff.com.ar\/truper\/wp-json\/wp\/v2\/product"}],"about":[{"href":"https:\/\/www.lusqtoff.com.ar\/truper\/wp-json\/wp\/v2\/types\/product"}],"replies":[{"embeddable":true,"href":"https:\/\/www.lusqtoff.com.ar\/truper\/wp-json\/wp\/v2\/comments?post=2267"}],"wp:featuredmedia":[{"embeddable":true,"href":"https:\/\/www.lusqtoff.com.ar\/truper\/wp-json\/wp\/v2\/media\/6793"}],"wp:attachment":[{"href":"https:\/\/www.lusqtoff.com.ar\/truper\/wp-json\/wp\/v2\/media?parent=2267"}],"wp:term":[{"taxonomy":"product_brand","embeddable":true,"href":"https:\/\/www.lusqtoff.com.ar\/truper\/wp-json\/wp\/v2\/product_brand?post=2267"},{"taxonomy":"product_cat","embeddable":true,"href":"https:\/\/www.lusqtoff.com.ar\/truper\/wp-json\/wp\/v2\/product_cat?post=2267"},{"taxonomy":"product_tag","embeddable":true,"href":"https:\/\/www.lusqtoff.com.ar\/truper\/wp-json\/wp\/v2\/product_tag?post=2267"}],"curies":[{"name":"wp","href":"https:\/\/api.w.org\/{rel}","templated":true}]}}