{"id":2285,"date":"2024-04-23T16:59:33","date_gmt":"2024-04-23T14:59:33","guid":{"rendered":"https:\/\/truper.cepidesigns.com.ar\/producto\/azada-forjada-n0-ancho-17-cm-cabo-fibra-de-vidrio-largo-137-mts\/"},"modified":"2024-09-03T20:26:37","modified_gmt":"2024-09-03T18:26:37","slug":"azada-forjada-n0-ancho-17-cm-cabo-fibra-de-vidrio-largo-137-mts","status":"publish","type":"product","link":"https:\/\/www.lusqtoff.com.ar\/truper\/producto\/azada-forjada-n0-ancho-17-cm-cabo-fibra-de-vidrio-largo-137-mts\/","title":{"rendered":"AZADA FORJADA (N\u00b00) ANCHO 17 CM CABO FIBRA DE VIDRIO LARGO 1,37 MTS"},"content":{"rendered":"<p>Cabeza forjada en una sola pieza con nervio central para mayor resistencia al impacto y disminuci\u00f3n de la vibraci\u00f3n, acabado pulido y preafilado, mango de fibra de vidrio m\u00e1s resistente que los mangos de madera con inserto c\u00f3nico para acople preciso para mayor seguridad, ideal para aflojar y preparar el terreno para la siembra, uso agr\u00edcola y hort\u00edcola<\/p>\n","protected":false},"excerpt":{"rendered":"<p>N\u00famero: 0<br \/>\nDimensiones de la hoja (ancho x altura): 6 1\/2&#8243; (17 cm) x 7&#8243; (18 cm)<br \/>\nDi\u00e1metro c\u00f3nico: 38 &#8211; 39 mm<br \/>\nPeso de la cabeza:  1.6 lb (0.7 kg)<\/p>\n","protected":false},"featured_media":6755,"comment_status":"open","ping_status":"closed","template":"","meta":{"_acf_changed":false},"product_brand":[],"product_cat":[186,187],"product_tag":[],"class_list":{"0":"post-2285","1":"product","2":"type-product","3":"status-publish","4":"has-post-thumbnail","6":"product_cat-agro","7":"product_cat-azadas","9":"first","10":"instock","11":"shipping-taxable","12":"purchasable","13":"product-type-simple"},"acf":[],"_links":{"self":[{"href":"https:\/\/www.lusqtoff.com.ar\/truper\/wp-json\/wp\/v2\/product\/2285","targetHints":{"allow":["GET"]}}],"collection":[{"href":"https:\/\/www.lusqtoff.com.ar\/truper\/wp-json\/wp\/v2\/product"}],"about":[{"href":"https:\/\/www.lusqtoff.com.ar\/truper\/wp-json\/wp\/v2\/types\/product"}],"replies":[{"embeddable":true,"href":"https:\/\/www.lusqtoff.com.ar\/truper\/wp-json\/wp\/v2\/comments?post=2285"}],"wp:featuredmedia":[{"embeddable":true,"href":"https:\/\/www.lusqtoff.com.ar\/truper\/wp-json\/wp\/v2\/media\/6755"}],"wp:attachment":[{"href":"https:\/\/www.lusqtoff.com.ar\/truper\/wp-json\/wp\/v2\/media?parent=2285"}],"wp:term":[{"taxonomy":"product_brand","embeddable":true,"href":"https:\/\/www.lusqtoff.com.ar\/truper\/wp-json\/wp\/v2\/product_brand?post=2285"},{"taxonomy":"product_cat","embeddable":true,"href":"https:\/\/www.lusqtoff.com.ar\/truper\/wp-json\/wp\/v2\/product_cat?post=2285"},{"taxonomy":"product_tag","embeddable":true,"href":"https:\/\/www.lusqtoff.com.ar\/truper\/wp-json\/wp\/v2\/product_tag?post=2285"}],"curies":[{"name":"wp","href":"https:\/\/api.w.org\/{rel}","templated":true}]}}