{"id":2294,"date":"2024-04-23T16:59:34","date_gmt":"2024-04-23T14:59:34","guid":{"rendered":"https:\/\/truper.cepidesigns.com.ar\/producto\/horquilla-4-dientes-cuadrados-cabo-madera-c-puno\/"},"modified":"2024-09-03T20:26:40","modified_gmt":"2024-09-03T18:26:40","slug":"horquilla-4-dientes-cuadrados-cabo-madera-c-puno","status":"publish","type":"product","link":"https:\/\/www.lusqtoff.com.ar\/truper\/producto\/horquilla-4-dientes-cuadrados-cabo-madera-c-puno\/","title":{"rendered":"HORQUILLA 4 DIENTES CUADRADOS CABO MADERA C\/PU\u00d1O"},"content":{"rendered":"<p>Cabeza de acero forjada en una sola pieza, casquillo y collar met\u00e1licos que refuerzan el encabado, mango de madera de fresno, pu\u00f1o Comfort Grip, ideal para voltear, excavar, aflojar el suelo y transferir material suelto<\/p>\n","protected":false},"excerpt":{"rendered":"<p>Dientes\t4<br \/>\nLargo dientes: 10 1\/2&#8243; (27 cm)<br \/>\nAncho dientes: 6 1\/2&#8243; (17 cm)<br \/>\nLargo del mango: 34&#8243; (86 cm)<br \/>\nLargo madera: 16&#8243; (40.5 cm)<\/p>\n","protected":false},"featured_media":6728,"comment_status":"open","ping_status":"closed","template":"","meta":{"_acf_changed":false},"product_brand":[],"product_cat":[186,188],"product_tag":[],"class_list":{"0":"post-2294","1":"product","2":"type-product","3":"status-publish","4":"has-post-thumbnail","6":"product_cat-agro","7":"product_cat-horquillas","9":"first","10":"instock","11":"shipping-taxable","12":"purchasable","13":"product-type-simple"},"acf":[],"_links":{"self":[{"href":"https:\/\/www.lusqtoff.com.ar\/truper\/wp-json\/wp\/v2\/product\/2294","targetHints":{"allow":["GET"]}}],"collection":[{"href":"https:\/\/www.lusqtoff.com.ar\/truper\/wp-json\/wp\/v2\/product"}],"about":[{"href":"https:\/\/www.lusqtoff.com.ar\/truper\/wp-json\/wp\/v2\/types\/product"}],"replies":[{"embeddable":true,"href":"https:\/\/www.lusqtoff.com.ar\/truper\/wp-json\/wp\/v2\/comments?post=2294"}],"wp:featuredmedia":[{"embeddable":true,"href":"https:\/\/www.lusqtoff.com.ar\/truper\/wp-json\/wp\/v2\/media\/6728"}],"wp:attachment":[{"href":"https:\/\/www.lusqtoff.com.ar\/truper\/wp-json\/wp\/v2\/media?parent=2294"}],"wp:term":[{"taxonomy":"product_brand","embeddable":true,"href":"https:\/\/www.lusqtoff.com.ar\/truper\/wp-json\/wp\/v2\/product_brand?post=2294"},{"taxonomy":"product_cat","embeddable":true,"href":"https:\/\/www.lusqtoff.com.ar\/truper\/wp-json\/wp\/v2\/product_cat?post=2294"},{"taxonomy":"product_tag","embeddable":true,"href":"https:\/\/www.lusqtoff.com.ar\/truper\/wp-json\/wp\/v2\/product_tag?post=2294"}],"curies":[{"name":"wp","href":"https:\/\/api.w.org\/{rel}","templated":true}]}}