{"id":2326,"date":"2024-04-23T16:59:39","date_gmt":"2024-04-23T14:59:39","guid":{"rendered":"https:\/\/truper.cepidesigns.com.ar\/producto\/hacha-p-rajar-madera-18-kg-uso-pesado-largo-90-cm\/"},"modified":"2024-09-03T20:26:46","modified_gmt":"2024-09-03T18:26:46","slug":"hacha-p-rajar-madera-18-kg-uso-pesado-largo-90-cm","status":"publish","type":"product","link":"https:\/\/www.lusqtoff.com.ar\/truper\/producto\/hacha-p-rajar-madera-18-kg-uso-pesado-largo-90-cm\/","title":{"rendered":"HACHA P\/RAJAR MADERA 1,8 KG USO PESADO LARGO 90 CM"},"content":{"rendered":"<p>Mango pr\u00e1cticamente indestructible, fabricado en resina de nylon. funda pl\u00e1stica para f\u00e1cil transporte y almacenamiento<\/p>\n","protected":false},"excerpt":{"rendered":"<p>Cabeza: 4 lb<br \/>\nMango: 36&#8243; (91 cm)<\/p>\n","protected":false},"featured_media":6629,"comment_status":"open","ping_status":"closed","template":"","meta":{"_acf_changed":false},"product_brand":[],"product_cat":[202,201],"product_tag":[],"class_list":{"0":"post-2326","1":"product","2":"type-product","3":"status-publish","4":"has-post-thumbnail","6":"product_cat-hachas","7":"product_cat-poda","9":"first","10":"instock","11":"shipping-taxable","12":"purchasable","13":"product-type-simple"},"acf":[],"_links":{"self":[{"href":"https:\/\/www.lusqtoff.com.ar\/truper\/wp-json\/wp\/v2\/product\/2326","targetHints":{"allow":["GET"]}}],"collection":[{"href":"https:\/\/www.lusqtoff.com.ar\/truper\/wp-json\/wp\/v2\/product"}],"about":[{"href":"https:\/\/www.lusqtoff.com.ar\/truper\/wp-json\/wp\/v2\/types\/product"}],"replies":[{"embeddable":true,"href":"https:\/\/www.lusqtoff.com.ar\/truper\/wp-json\/wp\/v2\/comments?post=2326"}],"wp:featuredmedia":[{"embeddable":true,"href":"https:\/\/www.lusqtoff.com.ar\/truper\/wp-json\/wp\/v2\/media\/6629"}],"wp:attachment":[{"href":"https:\/\/www.lusqtoff.com.ar\/truper\/wp-json\/wp\/v2\/media?parent=2326"}],"wp:term":[{"taxonomy":"product_brand","embeddable":true,"href":"https:\/\/www.lusqtoff.com.ar\/truper\/wp-json\/wp\/v2\/product_brand?post=2326"},{"taxonomy":"product_cat","embeddable":true,"href":"https:\/\/www.lusqtoff.com.ar\/truper\/wp-json\/wp\/v2\/product_cat?post=2326"},{"taxonomy":"product_tag","embeddable":true,"href":"https:\/\/www.lusqtoff.com.ar\/truper\/wp-json\/wp\/v2\/product_tag?post=2326"}],"curies":[{"name":"wp","href":"https:\/\/api.w.org\/{rel}","templated":true}]}}