{"id":2331,"date":"2024-04-23T16:59:40","date_gmt":"2024-04-23T14:59:40","guid":{"rendered":"https:\/\/truper.cepidesigns.com.ar\/producto\/lima-p-cadena-motosierra-espesor-5-32-largo-20cm\/"},"modified":"2024-09-03T20:25:41","modified_gmt":"2024-09-03T18:25:41","slug":"lima-p-cadena-motosierra-espesor-5-32-largo-20cm","status":"publish","type":"product","link":"https:\/\/www.lusqtoff.com.ar\/truper\/producto\/lima-p-cadena-motosierra-espesor-5-32-largo-20cm\/","title":{"rendered":"LIMA P\/CADENA MOTOSIERRA ESPESOR 5\/32 LARGO 20CM"},"content":{"rendered":"<p>M\u00e1ximo rendimiento, afilados precisos y r\u00e1pidos, para reducir el desgaste de la cadena, picado doble para desbaste r\u00e1pido, dientes cortados con l\u00e1ser que mejoran el rendimiento, para afilar y mantener la forma de los dientes de las cadenas para motosierras<\/p>\n","protected":false},"excerpt":{"rendered":"<p>Espesor: 5\/32&#8243;<\/p>\n","protected":false},"featured_media":7417,"comment_status":"open","ping_status":"closed","template":"","meta":{"_acf_changed":false},"product_brand":[],"product_cat":[203,201],"product_tag":[],"class_list":{"0":"post-2331","1":"product","2":"type-product","3":"status-publish","4":"has-post-thumbnail","6":"product_cat-limas-poda","7":"product_cat-poda","9":"first","10":"instock","11":"shipping-taxable","12":"purchasable","13":"product-type-simple"},"acf":[],"_links":{"self":[{"href":"https:\/\/www.lusqtoff.com.ar\/truper\/wp-json\/wp\/v2\/product\/2331","targetHints":{"allow":["GET"]}}],"collection":[{"href":"https:\/\/www.lusqtoff.com.ar\/truper\/wp-json\/wp\/v2\/product"}],"about":[{"href":"https:\/\/www.lusqtoff.com.ar\/truper\/wp-json\/wp\/v2\/types\/product"}],"replies":[{"embeddable":true,"href":"https:\/\/www.lusqtoff.com.ar\/truper\/wp-json\/wp\/v2\/comments?post=2331"}],"wp:featuredmedia":[{"embeddable":true,"href":"https:\/\/www.lusqtoff.com.ar\/truper\/wp-json\/wp\/v2\/media\/7417"}],"wp:attachment":[{"href":"https:\/\/www.lusqtoff.com.ar\/truper\/wp-json\/wp\/v2\/media?parent=2331"}],"wp:term":[{"taxonomy":"product_brand","embeddable":true,"href":"https:\/\/www.lusqtoff.com.ar\/truper\/wp-json\/wp\/v2\/product_brand?post=2331"},{"taxonomy":"product_cat","embeddable":true,"href":"https:\/\/www.lusqtoff.com.ar\/truper\/wp-json\/wp\/v2\/product_cat?post=2331"},{"taxonomy":"product_tag","embeddable":true,"href":"https:\/\/www.lusqtoff.com.ar\/truper\/wp-json\/wp\/v2\/product_tag?post=2331"}],"curies":[{"name":"wp","href":"https:\/\/api.w.org\/{rel}","templated":true}]}}