{"id":2344,"date":"2024-04-23T16:59:41","date_gmt":"2024-04-23T14:59:41","guid":{"rendered":"https:\/\/truper.cepidesigns.com.ar\/producto\/machete-remachado-doble-filo-t-rambo-largo-31cm-12-c-funda\/"},"modified":"2024-09-03T20:26:49","modified_gmt":"2024-09-03T18:26:49","slug":"machete-remachado-doble-filo-t-rambo-largo-31cm-12-c-funda","status":"publish","type":"product","link":"https:\/\/www.lusqtoff.com.ar\/truper\/producto\/machete-remachado-doble-filo-t-rambo-largo-31cm-12-c-funda\/","title":{"rendered":"MACHETE REMACHADO DOBLE FILO T\/RAMBO LARGO 31CM (12&#8243;) C\/FUNDA"},"content":{"rendered":"<p>Cacha ergon\u00f3mica con textura antiderrapante para m\u00e1ximo agarre, cacha recta con remaches s\u00f3lidos para mayor seguridad, funda remachada<\/p>\n","protected":false},"excerpt":{"rendered":"<p>Largo de hoja: 12&#8243; (31 cm)<\/p>\n","protected":false},"featured_media":6590,"comment_status":"open","ping_status":"closed","template":"","meta":{"_acf_changed":false},"product_brand":[],"product_cat":[204,201],"product_tag":[],"class_list":{"0":"post-2344","1":"product","2":"type-product","3":"status-publish","4":"has-post-thumbnail","6":"product_cat-machetes","7":"product_cat-poda","9":"first","10":"instock","11":"shipping-taxable","12":"purchasable","13":"product-type-simple"},"acf":[],"_links":{"self":[{"href":"https:\/\/www.lusqtoff.com.ar\/truper\/wp-json\/wp\/v2\/product\/2344","targetHints":{"allow":["GET"]}}],"collection":[{"href":"https:\/\/www.lusqtoff.com.ar\/truper\/wp-json\/wp\/v2\/product"}],"about":[{"href":"https:\/\/www.lusqtoff.com.ar\/truper\/wp-json\/wp\/v2\/types\/product"}],"replies":[{"embeddable":true,"href":"https:\/\/www.lusqtoff.com.ar\/truper\/wp-json\/wp\/v2\/comments?post=2344"}],"wp:featuredmedia":[{"embeddable":true,"href":"https:\/\/www.lusqtoff.com.ar\/truper\/wp-json\/wp\/v2\/media\/6590"}],"wp:attachment":[{"href":"https:\/\/www.lusqtoff.com.ar\/truper\/wp-json\/wp\/v2\/media?parent=2344"}],"wp:term":[{"taxonomy":"product_brand","embeddable":true,"href":"https:\/\/www.lusqtoff.com.ar\/truper\/wp-json\/wp\/v2\/product_brand?post=2344"},{"taxonomy":"product_cat","embeddable":true,"href":"https:\/\/www.lusqtoff.com.ar\/truper\/wp-json\/wp\/v2\/product_cat?post=2344"},{"taxonomy":"product_tag","embeddable":true,"href":"https:\/\/www.lusqtoff.com.ar\/truper\/wp-json\/wp\/v2\/product_tag?post=2344"}],"curies":[{"name":"wp","href":"https:\/\/api.w.org\/{rel}","templated":true}]}}