{"id":2345,"date":"2024-04-23T16:59:41","date_gmt":"2024-04-23T14:59:41","guid":{"rendered":"https:\/\/truper.cepidesigns.com.ar\/producto\/machete-estandar-largo-hoja-41-cm-16\/"},"modified":"2024-09-03T20:26:50","modified_gmt":"2024-09-03T18:26:50","slug":"machete-estandar-largo-hoja-41-cm-16","status":"publish","type":"product","link":"https:\/\/www.lusqtoff.com.ar\/truper\/producto\/machete-estandar-largo-hoja-41-cm-16\/","title":{"rendered":"MACHETE EST\u00c1NDAR LARGO HOJA 41 CM (16&#8243;)"},"content":{"rendered":"<p>Cacha ergon\u00f3mica con textura antiderrapante para m\u00e1ximo agarre, cacha recta inyectada que proporciona mayor resistencia al impacto y mejor agarre de cuchilla<\/p>\n","protected":false},"excerpt":{"rendered":"<p>Largo de hoja:  16&#8243; (41 cm)<\/p>\n","protected":false},"featured_media":6587,"comment_status":"open","ping_status":"closed","template":"","meta":{"_acf_changed":false},"product_brand":[],"product_cat":[204,201],"product_tag":[],"class_list":{"0":"post-2345","1":"product","2":"type-product","3":"status-publish","4":"has-post-thumbnail","6":"product_cat-machetes","7":"product_cat-poda","9":"first","10":"instock","11":"shipping-taxable","12":"purchasable","13":"product-type-simple"},"acf":[],"_links":{"self":[{"href":"https:\/\/www.lusqtoff.com.ar\/truper\/wp-json\/wp\/v2\/product\/2345","targetHints":{"allow":["GET"]}}],"collection":[{"href":"https:\/\/www.lusqtoff.com.ar\/truper\/wp-json\/wp\/v2\/product"}],"about":[{"href":"https:\/\/www.lusqtoff.com.ar\/truper\/wp-json\/wp\/v2\/types\/product"}],"replies":[{"embeddable":true,"href":"https:\/\/www.lusqtoff.com.ar\/truper\/wp-json\/wp\/v2\/comments?post=2345"}],"wp:featuredmedia":[{"embeddable":true,"href":"https:\/\/www.lusqtoff.com.ar\/truper\/wp-json\/wp\/v2\/media\/6587"}],"wp:attachment":[{"href":"https:\/\/www.lusqtoff.com.ar\/truper\/wp-json\/wp\/v2\/media?parent=2345"}],"wp:term":[{"taxonomy":"product_brand","embeddable":true,"href":"https:\/\/www.lusqtoff.com.ar\/truper\/wp-json\/wp\/v2\/product_brand?post=2345"},{"taxonomy":"product_cat","embeddable":true,"href":"https:\/\/www.lusqtoff.com.ar\/truper\/wp-json\/wp\/v2\/product_cat?post=2345"},{"taxonomy":"product_tag","embeddable":true,"href":"https:\/\/www.lusqtoff.com.ar\/truper\/wp-json\/wp\/v2\/product_tag?post=2345"}],"curies":[{"name":"wp","href":"https:\/\/api.w.org\/{rel}","templated":true}]}}