{"id":2352,"date":"2024-04-23T16:59:41","date_gmt":"2024-04-23T14:59:41","guid":{"rendered":"https:\/\/truper.cepidesigns.com.ar\/producto\/arco-de-sierra-montaraz-53-cm-21\/"},"modified":"2024-09-03T20:26:51","modified_gmt":"2024-09-03T18:26:51","slug":"arco-de-sierra-montaraz-53-cm-21","status":"publish","type":"product","link":"https:\/\/www.lusqtoff.com.ar\/truper\/producto\/arco-de-sierra-montaraz-53-cm-21\/","title":{"rendered":"ARCO DE SIERRA MONTARAZ 53 CM (21&#8243;)"},"content":{"rendered":"<p>Seguetas de acero SK5 con dientes templados, dentado tipo americano, dise\u00f1ado para cortar madera verde y h\u00fameda, mango con protector de PVC, dise\u00f1ado para evitar que la mano se resbale<\/p>\n","protected":false},"excerpt":{"rendered":"<p>Largo de hoja: 21&#8243; (53 cm)<br \/>\nLargo del arco: 63 cm<\/p>\n","protected":false},"featured_media":6565,"comment_status":"open","ping_status":"closed","template":"","meta":{"_acf_changed":false},"product_brand":[],"product_cat":[201,205],"product_tag":[],"class_list":{"0":"post-2352","1":"product","2":"type-product","3":"status-publish","4":"has-post-thumbnail","6":"product_cat-poda","7":"product_cat-serruchos-poda","9":"first","10":"instock","11":"shipping-taxable","12":"purchasable","13":"product-type-simple"},"acf":[],"_links":{"self":[{"href":"https:\/\/www.lusqtoff.com.ar\/truper\/wp-json\/wp\/v2\/product\/2352","targetHints":{"allow":["GET"]}}],"collection":[{"href":"https:\/\/www.lusqtoff.com.ar\/truper\/wp-json\/wp\/v2\/product"}],"about":[{"href":"https:\/\/www.lusqtoff.com.ar\/truper\/wp-json\/wp\/v2\/types\/product"}],"replies":[{"embeddable":true,"href":"https:\/\/www.lusqtoff.com.ar\/truper\/wp-json\/wp\/v2\/comments?post=2352"}],"wp:featuredmedia":[{"embeddable":true,"href":"https:\/\/www.lusqtoff.com.ar\/truper\/wp-json\/wp\/v2\/media\/6565"}],"wp:attachment":[{"href":"https:\/\/www.lusqtoff.com.ar\/truper\/wp-json\/wp\/v2\/media?parent=2352"}],"wp:term":[{"taxonomy":"product_brand","embeddable":true,"href":"https:\/\/www.lusqtoff.com.ar\/truper\/wp-json\/wp\/v2\/product_brand?post=2352"},{"taxonomy":"product_cat","embeddable":true,"href":"https:\/\/www.lusqtoff.com.ar\/truper\/wp-json\/wp\/v2\/product_cat?post=2352"},{"taxonomy":"product_tag","embeddable":true,"href":"https:\/\/www.lusqtoff.com.ar\/truper\/wp-json\/wp\/v2\/product_tag?post=2352"}],"curies":[{"name":"wp","href":"https:\/\/api.w.org\/{rel}","templated":true}]}}