{"id":2360,"date":"2024-04-23T16:59:43","date_gmt":"2024-04-23T14:59:43","guid":{"rendered":"https:\/\/truper.cepidesigns.com.ar\/producto\/serrucho-de-altura-con-polea-c-cabo-telescopico-alu-24-mts\/"},"modified":"2024-09-03T20:26:52","modified_gmt":"2024-09-03T18:26:52","slug":"serrucho-de-altura-con-polea-c-cabo-telescopico-alu-24-mts","status":"publish","type":"product","link":"https:\/\/www.lusqtoff.com.ar\/truper\/producto\/serrucho-de-altura-con-polea-c-cabo-telescopico-alu-24-mts\/","title":{"rendered":"SERRUCHO DE ALTURA CON POLEA C\/CABO TELESCOPICO ALU. 2,4 mts"},"content":{"rendered":"<p>Hoja de acero SK5, templada para m\u00e1xima duraci\u00f3n de filo, cuchilla de paso, sistema de polea para reducir el esfuerzo al cortar, ideal para cortes altos y de dif\u00edcil acceso<\/p>\n","protected":false},"excerpt":{"rendered":"<p>Capacidad de corte: 1 1\/4&#8243;<br \/>\nLargo de hoja: 14&#8243; (36 cm)<br \/>\nExtensi\u00f3n m\u00e1xima:  2.40 m<br \/>\nDientes por pulgada: 5<\/p>\n","protected":false},"featured_media":6534,"comment_status":"open","ping_status":"closed","template":"","meta":{"_acf_changed":false},"product_brand":[],"product_cat":[201,205],"product_tag":[],"class_list":{"0":"post-2360","1":"product","2":"type-product","3":"status-publish","4":"has-post-thumbnail","6":"product_cat-poda","7":"product_cat-serruchos-poda","9":"first","10":"instock","11":"shipping-taxable","12":"purchasable","13":"product-type-simple"},"acf":[],"_links":{"self":[{"href":"https:\/\/www.lusqtoff.com.ar\/truper\/wp-json\/wp\/v2\/product\/2360","targetHints":{"allow":["GET"]}}],"collection":[{"href":"https:\/\/www.lusqtoff.com.ar\/truper\/wp-json\/wp\/v2\/product"}],"about":[{"href":"https:\/\/www.lusqtoff.com.ar\/truper\/wp-json\/wp\/v2\/types\/product"}],"replies":[{"embeddable":true,"href":"https:\/\/www.lusqtoff.com.ar\/truper\/wp-json\/wp\/v2\/comments?post=2360"}],"wp:featuredmedia":[{"embeddable":true,"href":"https:\/\/www.lusqtoff.com.ar\/truper\/wp-json\/wp\/v2\/media\/6534"}],"wp:attachment":[{"href":"https:\/\/www.lusqtoff.com.ar\/truper\/wp-json\/wp\/v2\/media?parent=2360"}],"wp:term":[{"taxonomy":"product_brand","embeddable":true,"href":"https:\/\/www.lusqtoff.com.ar\/truper\/wp-json\/wp\/v2\/product_brand?post=2360"},{"taxonomy":"product_cat","embeddable":true,"href":"https:\/\/www.lusqtoff.com.ar\/truper\/wp-json\/wp\/v2\/product_cat?post=2360"},{"taxonomy":"product_tag","embeddable":true,"href":"https:\/\/www.lusqtoff.com.ar\/truper\/wp-json\/wp\/v2\/product_tag?post=2360"}],"curies":[{"name":"wp","href":"https:\/\/api.w.org\/{rel}","templated":true}]}}