{"id":2403,"date":"2024-04-23T16:59:48","date_gmt":"2024-04-23T14:59:48","guid":{"rendered":"https:\/\/truper.cepidesigns.com.ar\/producto\/filtro-y-regulador-de-aire-140-psi-1-4\/"},"modified":"2024-09-03T20:27:14","modified_gmt":"2024-09-03T18:27:14","slug":"filtro-y-regulador-de-aire-140-psi-1-4","status":"publish","type":"product","link":"https:\/\/www.lusqtoff.com.ar\/truper\/producto\/filtro-y-regulador-de-aire-140-psi-1-4\/","title":{"rendered":"FILTRO Y REGULADOR DE AIRE &#8211; 140 PSI &#8211; 1\/4"},"content":{"rendered":"<p>Presi\u00f3n m\u00e1xima 140 psi, recomendado para uso con pistolas para pintar, elimina contaminantes s\u00f3lidos y l\u00edquidos presentes en el aire, man\u00f3metro para regular la presi\u00f3n (bar y psi)<\/p>\n","protected":false},"excerpt":{"rendered":"<p>Presi\u00f3n m\u00e1xima: 140 psi (10 bar)<br \/>\nRango de escala: 0-140 psi (0-10 Bar)<br \/>\nTipo de cuerda: 1\/4&#8243; NPT<br \/>\nPeso: 504 g<\/p>\n","protected":false},"featured_media":6427,"comment_status":"open","ping_status":"closed","template":"","meta":{"_acf_changed":false},"product_brand":[],"product_cat":[213,212],"product_tag":[],"class_list":{"0":"post-2403","1":"product","2":"type-product","3":"status-publish","4":"has-post-thumbnail","6":"product_cat-filtros","7":"product_cat-linea-neumatica","9":"first","10":"instock","11":"shipping-taxable","12":"purchasable","13":"product-type-simple"},"acf":[],"_links":{"self":[{"href":"https:\/\/www.lusqtoff.com.ar\/truper\/wp-json\/wp\/v2\/product\/2403","targetHints":{"allow":["GET"]}}],"collection":[{"href":"https:\/\/www.lusqtoff.com.ar\/truper\/wp-json\/wp\/v2\/product"}],"about":[{"href":"https:\/\/www.lusqtoff.com.ar\/truper\/wp-json\/wp\/v2\/types\/product"}],"replies":[{"embeddable":true,"href":"https:\/\/www.lusqtoff.com.ar\/truper\/wp-json\/wp\/v2\/comments?post=2403"}],"wp:featuredmedia":[{"embeddable":true,"href":"https:\/\/www.lusqtoff.com.ar\/truper\/wp-json\/wp\/v2\/media\/6427"}],"wp:attachment":[{"href":"https:\/\/www.lusqtoff.com.ar\/truper\/wp-json\/wp\/v2\/media?parent=2403"}],"wp:term":[{"taxonomy":"product_brand","embeddable":true,"href":"https:\/\/www.lusqtoff.com.ar\/truper\/wp-json\/wp\/v2\/product_brand?post=2403"},{"taxonomy":"product_cat","embeddable":true,"href":"https:\/\/www.lusqtoff.com.ar\/truper\/wp-json\/wp\/v2\/product_cat?post=2403"},{"taxonomy":"product_tag","embeddable":true,"href":"https:\/\/www.lusqtoff.com.ar\/truper\/wp-json\/wp\/v2\/product_tag?post=2403"}],"curies":[{"name":"wp","href":"https:\/\/api.w.org\/{rel}","templated":true}]}}