{"id":2413,"date":"2024-04-23T16:59:49","date_gmt":"2024-04-23T14:59:49","guid":{"rendered":"https:\/\/truper.cepidesigns.com.ar\/producto\/pistola-para-sopletear-2-boquillas-encastre-1-4\/"},"modified":"2024-09-03T20:27:17","modified_gmt":"2024-09-03T18:27:17","slug":"pistola-para-sopletear-2-boquillas-encastre-1-4","status":"publish","type":"product","link":"https:\/\/www.lusqtoff.com.ar\/truper\/producto\/pistola-para-sopletear-2-boquillas-encastre-1-4\/","title":{"rendered":"PISTOLA PARA SOPLETEAR 2 BOQUILLAS ENCASTRE 1\/4"},"content":{"rendered":"<p>Presi\u00f3n m\u00e1xima: 90 psi, cuerpo de aluminio, conexi\u00f3n cuerda 1\/4&#8243; NPT, boquilla con extensi\u00f3n de 9&#8243; (23 cm), gancho para colgar y gatillo con protecci\u00f3n para los dedos<\/p>\n","protected":false},"excerpt":{"rendered":"<p>Presi\u00f3n m\u00e1xima: 90 psi<br \/>\nCuerda: 1\/4&#8243; NPT<br \/>\nPeso: 280 g<\/p>\n","protected":false},"featured_media":6400,"comment_status":"open","ping_status":"closed","template":"","meta":{"_acf_changed":false},"product_brand":[],"product_cat":[212,217],"product_tag":[],"class_list":{"0":"post-2413","1":"product","2":"type-product","3":"status-publish","4":"has-post-thumbnail","6":"product_cat-linea-neumatica","7":"product_cat-pistolas","9":"first","10":"instock","11":"shipping-taxable","12":"purchasable","13":"product-type-simple"},"acf":[],"_links":{"self":[{"href":"https:\/\/www.lusqtoff.com.ar\/truper\/wp-json\/wp\/v2\/product\/2413","targetHints":{"allow":["GET"]}}],"collection":[{"href":"https:\/\/www.lusqtoff.com.ar\/truper\/wp-json\/wp\/v2\/product"}],"about":[{"href":"https:\/\/www.lusqtoff.com.ar\/truper\/wp-json\/wp\/v2\/types\/product"}],"replies":[{"embeddable":true,"href":"https:\/\/www.lusqtoff.com.ar\/truper\/wp-json\/wp\/v2\/comments?post=2413"}],"wp:featuredmedia":[{"embeddable":true,"href":"https:\/\/www.lusqtoff.com.ar\/truper\/wp-json\/wp\/v2\/media\/6400"}],"wp:attachment":[{"href":"https:\/\/www.lusqtoff.com.ar\/truper\/wp-json\/wp\/v2\/media?parent=2413"}],"wp:term":[{"taxonomy":"product_brand","embeddable":true,"href":"https:\/\/www.lusqtoff.com.ar\/truper\/wp-json\/wp\/v2\/product_brand?post=2413"},{"taxonomy":"product_cat","embeddable":true,"href":"https:\/\/www.lusqtoff.com.ar\/truper\/wp-json\/wp\/v2\/product_cat?post=2413"},{"taxonomy":"product_tag","embeddable":true,"href":"https:\/\/www.lusqtoff.com.ar\/truper\/wp-json\/wp\/v2\/product_tag?post=2413"}],"curies":[{"name":"wp","href":"https:\/\/api.w.org\/{rel}","templated":true}]}}