{"id":2415,"date":"2024-04-23T16:59:50","date_gmt":"2024-04-23T14:59:50","guid":{"rendered":"https:\/\/truper.cepidesigns.com.ar\/producto\/pistola-para-recubrimiento-90-psi-1-4\/"},"modified":"2024-09-03T20:27:19","modified_gmt":"2024-09-03T18:27:19","slug":"pistola-para-recubrimiento-90-psi-1-4","status":"publish","type":"product","link":"https:\/\/www.lusqtoff.com.ar\/truper\/producto\/pistola-para-recubrimiento-90-psi-1-4\/","title":{"rendered":"PISTOLA PARA RECUBRIMIENTO &#8211; 90 PSI &#8211; 1\/4"},"content":{"rendered":"<p>Presi\u00f3n m\u00e1xima hasta 90 psi, la pistola para la aplicaci\u00f3n de body, cuenta con el dise\u00f1o adecuada para adaptarse al bote de este material, cuerpo de aluminio, conexi\u00f3n cuerda 1\/4&#8243; NPT, agarradera para colgar<\/p>\n","protected":false},"excerpt":{"rendered":"<p>Presi\u00f3n m\u00e1xima\t90 psi<br \/>\nDi\u00e1metro de la tapa\t2&#8243;<br \/>\nCuerda\t1\/4&#8243; NPT<br \/>\nLargo de la boquilla de succi\u00f3n\t7&#8243;<br \/>\nPeso\t290 g<\/p>\n","protected":false},"featured_media":6394,"comment_status":"open","ping_status":"closed","template":"","meta":{"_acf_changed":false},"product_brand":[],"product_cat":[212,217],"product_tag":[],"class_list":{"0":"post-2415","1":"product","2":"type-product","3":"status-publish","4":"has-post-thumbnail","6":"product_cat-linea-neumatica","7":"product_cat-pistolas","9":"first","10":"instock","11":"shipping-taxable","12":"purchasable","13":"product-type-simple"},"acf":[],"_links":{"self":[{"href":"https:\/\/www.lusqtoff.com.ar\/truper\/wp-json\/wp\/v2\/product\/2415","targetHints":{"allow":["GET"]}}],"collection":[{"href":"https:\/\/www.lusqtoff.com.ar\/truper\/wp-json\/wp\/v2\/product"}],"about":[{"href":"https:\/\/www.lusqtoff.com.ar\/truper\/wp-json\/wp\/v2\/types\/product"}],"replies":[{"embeddable":true,"href":"https:\/\/www.lusqtoff.com.ar\/truper\/wp-json\/wp\/v2\/comments?post=2415"}],"wp:featuredmedia":[{"embeddable":true,"href":"https:\/\/www.lusqtoff.com.ar\/truper\/wp-json\/wp\/v2\/media\/6394"}],"wp:attachment":[{"href":"https:\/\/www.lusqtoff.com.ar\/truper\/wp-json\/wp\/v2\/media?parent=2415"}],"wp:term":[{"taxonomy":"product_brand","embeddable":true,"href":"https:\/\/www.lusqtoff.com.ar\/truper\/wp-json\/wp\/v2\/product_brand?post=2415"},{"taxonomy":"product_cat","embeddable":true,"href":"https:\/\/www.lusqtoff.com.ar\/truper\/wp-json\/wp\/v2\/product_cat?post=2415"},{"taxonomy":"product_tag","embeddable":true,"href":"https:\/\/www.lusqtoff.com.ar\/truper\/wp-json\/wp\/v2\/product_tag?post=2415"}],"curies":[{"name":"wp","href":"https:\/\/api.w.org\/{rel}","templated":true}]}}